{"id":315,"date":"2024-08-12T10:37:24","date_gmt":"2024-08-12T10:37:24","guid":{"rendered":"https:\/\/pp-winkler.ch\/?page_id=315"},"modified":"2024-08-12T10:38:02","modified_gmt":"2024-08-12T10:38:02","slug":"impressum","status":"publish","type":"page","link":"https:\/\/pp-winkler.ch\/index.php\/impressum\/","title":{"rendered":"Impressum"},"content":{"rendered":"\t\t<div data-elementor-type=\"wp-page\" data-elementor-id=\"315\" class=\"elementor elementor-315\" data-elementor-post-type=\"page\">\n\t\t\t\t\t\t<section class=\"elementor-section elementor-top-section elementor-element elementor-element-215d70e1 elementor-section-boxed elementor-section-height-default elementor-section-height-default\" data-id=\"215d70e1\" data-element_type=\"section\" data-e-type=\"section\" data-settings=\"{&quot;background_background&quot;:&quot;classic&quot;,&quot;ekit_has_onepagescroll_dot&quot;:&quot;yes&quot;}\">\n\t\t\t\t\t\t\t<div class=\"elementor-background-overlay\"><\/div>\n\t\t\t\t\t\t\t<div class=\"elementor-container elementor-column-gap-default\">\n\t\t\t\t\t<div class=\"elementor-column elementor-col-100 elementor-top-column elementor-element elementor-element-74771a43\" data-id=\"74771a43\" data-element_type=\"column\" data-e-type=\"column\">\n\t\t\t<div class=\"elementor-widget-wrap elementor-element-populated\">\n\t\t\t\t\t\t<section class=\"elementor-section elementor-inner-section elementor-element elementor-element-4f1d7c42 elementor-section-boxed elementor-section-height-default elementor-section-height-default\" data-id=\"4f1d7c42\" data-element_type=\"section\" data-e-type=\"section\" data-settings=\"{&quot;ekit_has_onepagescroll_dot&quot;:&quot;yes&quot;}\">\n\t\t\t\t\t\t<div class=\"elementor-container elementor-column-gap-default\">\n\t\t\t\t\t<div class=\"elementor-column elementor-col-50 elementor-inner-column elementor-element elementor-element-7adff265\" data-id=\"7adff265\" data-element_type=\"column\" data-e-type=\"column\">\n\t\t\t<div class=\"elementor-widget-wrap elementor-element-populated\">\n\t\t\t\t\t\t<div class=\"elementor-element elementor-element-202b2846 elementor-widget-tablet__width-initial elementor-widget elementor-widget-elementskit-heading\" data-id=\"202b2846\" data-element_type=\"widget\" data-e-type=\"widget\" data-settings=\"{&quot;ekit_we_effect_on&quot;:&quot;none&quot;}\" data-widget_type=\"elementskit-heading.default\">\n\t\t\t\t<div class=\"elementor-widget-container\">\n\t\t\t\t\t<div class=\"ekit-wid-con\" ><div class=\"ekit-heading elementskit-section-title-wraper text_left   ekit_heading_tablet-   ekit_heading_mobile-\"><span class=\"elementskit-section-subtitle  elementskit-style-border\">\n\t\t\t\t\t\tPsychiatriepraxis Winkler\n\t\t\t\t\t<\/span><h2 class=\"ekit-heading--title elementskit-section-title \">Praxis f\u00fcr Psychiatrie<\/h2>\t\t\t\t<div class='ekit-heading__description'>\n\t\t\t\t\t<p>und Psychotherapie in Wil<\/p>\n\t\t\t\t<\/div>\n\t\t\t<\/div><\/div>\t\t\t\t<\/div>\n\t\t\t\t<\/div>\n\t\t\t\t<div class=\"elementor-element elementor-element-65a797b6 elementor-align-left elementor-widget elementor-widget-elementskit-button\" data-id=\"65a797b6\" data-element_type=\"widget\" data-e-type=\"widget\" data-settings=\"{&quot;ekit_we_effect_on&quot;:&quot;none&quot;}\" data-widget_type=\"elementskit-button.default\">\n\t\t\t\t<div class=\"elementor-widget-container\">\n\t\t\t\t\t<div class=\"ekit-wid-con\" >\t\t<div class=\"ekit-btn-wraper\">\n\t\t\t\t\t\t\t<a href=\"https:\/\/pp-winkler.ch\/index.php\/kontakt\/\" class=\"elementskit-btn  whitespace--normal\" id=\"\">\n\t\t\t\t\tKontakt\t\t\t\t<\/a>\n\t\t\t\t\t<\/div>\n        <\/div>\t\t\t\t<\/div>\n\t\t\t\t<\/div>\n\t\t\t\t\t<\/div>\n\t\t<\/div>\n\t\t\t\t<div class=\"elementor-column elementor-col-50 elementor-inner-column elementor-element elementor-element-7d817758\" data-id=\"7d817758\" data-element_type=\"column\" data-e-type=\"column\">\n\t\t\t<div class=\"elementor-widget-wrap\">\n\t\t\t\t\t\t\t<\/div>\n\t\t<\/div>\n\t\t\t\t\t<\/div>\n\t\t<\/section>\n\t\t\t\t\t<\/div>\n\t\t<\/div>\n\t\t\t\t\t<\/div>\n\t\t<\/section>\n\t\t\t\t<section class=\"elementor-section elementor-top-section elementor-element elementor-element-18dbf684 elementor-section-boxed elementor-section-height-default elementor-section-height-default\" data-id=\"18dbf684\" data-element_type=\"section\" data-e-type=\"section\" data-settings=\"{&quot;ekit_has_onepagescroll_dot&quot;:&quot;yes&quot;}\">\n\t\t\t\t\t\t<div class=\"elementor-container elementor-column-gap-default\">\n\t\t\t\t\t<div class=\"elementor-column elementor-col-100 elementor-top-column elementor-element elementor-element-d10e5cf\" data-id=\"d10e5cf\" data-element_type=\"column\" data-e-type=\"column\">\n\t\t\t<div class=\"elementor-widget-wrap elementor-element-populated\">\n\t\t\t\t\t\t<section class=\"elementor-section elementor-inner-section elementor-element elementor-element-6717896d elementor-section-boxed elementor-section-height-default elementor-section-height-default\" data-id=\"6717896d\" data-element_type=\"section\" data-e-type=\"section\" data-settings=\"{&quot;background_background&quot;:&quot;classic&quot;,&quot;ekit_has_onepagescroll_dot&quot;:&quot;yes&quot;}\">\n\t\t\t\t\t\t<div class=\"elementor-container elementor-column-gap-default\">\n\t\t\t\t\t<div class=\"elementor-column elementor-col-100 elementor-inner-column elementor-element elementor-element-4f04ecb5\" data-id=\"4f04ecb5\" data-element_type=\"column\" data-e-type=\"column\">\n\t\t\t<div class=\"elementor-widget-wrap elementor-element-populated\">\n\t\t\t\t\t\t<div class=\"elementor-element elementor-element-21817ec9 elementor-widget elementor-widget-elementskit-heading\" data-id=\"21817ec9\" data-element_type=\"widget\" data-e-type=\"widget\" data-settings=\"{&quot;ekit_we_effect_on&quot;:&quot;none&quot;}\" data-widget_type=\"elementskit-heading.default\">\n\t\t\t\t<div class=\"elementor-widget-container\">\n\t\t\t\t\t<div class=\"ekit-wid-con\" ><div class=\"ekit-heading elementskit-section-title-wraper text_center   ekit_heading_tablet-   ekit_heading_mobile-\"><h2 class=\"ekit-heading--title elementskit-section-title \">Impressum<\/h2>\t\t\t\t<div class='ekit-heading__description'>\n\t\t\t\t\t<p>Psychiatriepraxis Winkler Impressum<br \/>Kontakt-Adresse<\/p>\n<p>Psychiatriepraxis Winkler<br \/>Praxis f\u00fcr Psychiatrie und Psychotherapie in Wil<br \/>Bernhard Winkler<br \/>Alleestrasse 4<br \/>9500 Wil<br \/>Schweiz<br \/>E-Mail: info@pp-winkler.ch<\/p>\n<p>Vertretungsberechtigte Person(en)<br \/>Bernhard Winkler<\/p>\n<p>Handelsregister-Eintrag<br \/>Eingetragener Firmenname: Psychiatriepraxis Winkler Handelsregister Nr: CHE-CH<\/p>\n<p>Mehrwertsteuer-Nummer<br \/>CHE-<\/p>\n<p>Haftungsausschluss<br \/>Der Autor \u00fcbernimmt keinerlei Gew\u00e4hr hinsichtlich der inhaltlichen Richtigkeit, Genauigkeit, Aktualit\u00e4t, Zuverl\u00e4ssigkeit und Vollst\u00e4ndigkeit der Informationen. <br \/>Haftungsanspr\u00fcche gegen den Autor wegen Sch\u00e4den materieller oder immaterieller Art, welche aus dem Zugriff oder der Nutzung bzw. Nichtnutzung der ver\u00f6ffentlichten Informationen, durch Missbrauch der Verbindung oder durch technische St\u00f6rungen entstanden sind, werden ausgeschlossen.<br \/>Alle Angebote sind unverbindlich. Der Autor beh\u00e4lt es sich ausdr\u00fccklich vor, Teile der Seiten oder das gesamte Angebot ohne besondere Ank\u00fcndigung zu ver\u00e4ndern, zu erg\u00e4nzen, zu l\u00f6schen oder die Ver\u00f6ffentlichung zeitweise oder endg\u00fcltig einzustellen.<\/p>\n<p>Haftungsausschluss f\u00fcr Links<br \/>Verweise und Links auf Webseiten Dritter liegen ausserhalb unseres Verantwortungsbereichs. Es wird jegliche Verantwortung f\u00fcr solche Webseiten abgelehnt. Der Zugriff und die Nutzung solcher Webseiten erfolgen auf eigene Gefahr des jeweiligen Nutzers.<\/p>\n<p>Urheberrechte<br \/>Die Urheber- und alle anderen Rechte an Inhalten, Bildern, Fotos oder anderen Dateien auf dieser Website, geh\u00f6ren ausschliesslich der Firma Psychiatriepraxis Winkler oder den speziell genannten Rechteinhabern. F\u00fcr die Reproduktion jeglicher Elemente ist die schriftliche Zustimmung des Urheberrechtstr\u00e4gers im Voraus einzuholen.<\/p>\n<p>Quelle: Impressum-Generator von SwissAnwalt<br \/>Kontakt-Adresse Psychiatriepraxis Winkler Pestalozzistrasse 8 9500 Wil Schweiz E-Mail: info@pp-winkler.ch Vertretungsberechtigte Person(en) Bernhard Winkler Handelsregister-Eintrag Eingetragener Firmenname: Psychiatriepraxis Winkler Handelsregister Nr: CHE- Mehrwertsteuer-Nummer CHE- Haftungsausschluss Der Autor \u00fcbernimmt keinerlei Gew\u00e4hr hinsichtlich der inhaltlichen Richtigkeit, Genauigkeit, Aktualit\u00e4t, Zuverl\u00e4ssigkeit und Vollst\u00e4ndigkeit der Informationen. Haftungsanspr\u00fcche gegen den Autor wegen Sch\u00e4den materieller oder immaterieller Art, welche aus dem Zugriff oder der Nutzung bzw. Nichtnutzung der ver\u00f6ffentlichten Informationen, durch Missbrauch der Verbindung oder durch technische St\u00f6rungen entstanden sind, werden ausgeschlossen. Alle Angebote sind unverbindlich. Der Autor beh\u00e4lt es sich ausdr\u00fccklich vor, Teile der Seiten oder das gesamte Angebot ohne besondere Ank\u00fcndigung zu ver\u00e4ndern, zu erg\u00e4nzen, zu l\u00f6schen oder die Ver\u00f6ffentlichung zeitweise oder endg\u00fcltig einzustellen. Haftungsausschluss f\u00fcr Links Verweise und Links auf Webseiten Dritter liegen ausserhalb unseres Verantwortungsbereichs. Es wird jegliche Verantwortung f\u00fcr solche Webseiten abgelehnt. Der Zugriff und die Nutzung solcher Webseiten erfolgen auf eigene Gefahr des jeweiligen Nutzers. Urheberrechte Die Urheber- und alle anderen Rechte an Inhalten, Bildern, Fotos oder anderen Dateien auf dieser Website, geh\u00f6ren ausschliesslich der Firma Abbraccio AG oder den speziell genannten Rechteinhabern. F\u00fcr die Reproduktion jeglicher Elemente ist die schriftliche Zustimmung des Urheberrechtstr\u00e4gers im Voraus einzuholen.<\/p>\n\t\t\t\t<\/div>\n\t\t\t<\/div><\/div>\t\t\t\t<\/div>\n\t\t\t\t<\/div>\n\t\t\t\t\t<\/div>\n\t\t<\/div>\n\t\t\t\t\t<\/div>\n\t\t<\/section>\n\t\t\t\t\t<\/div>\n\t\t<\/div>\n\t\t\t\t\t<\/div>\n\t\t<\/section>\n\t\t\t\t<\/div>\n\t\t","protected":false},"excerpt":{"rendered":"<p>Psychiatriepraxis Winkler Praxis f\u00fcr Psychiatrie und Psychotherapie in Wil Kontakt Impressum Psychiatriepraxis Winkler ImpressumKontakt-Adresse Psychiatriepraxis WinklerPraxis f\u00fcr Psychiatrie und Psychotherapie in WilBernhard WinklerAlleestrasse 49500 WilSchweizE-Mail: info@pp-winkler.ch Vertretungsberechtigte Person(en)Bernhard Winkler Handelsregister-EintragEingetragener Firmenname: Psychiatriepraxis Winkler Handelsregister Nr: CHE-CH Mehrwertsteuer-NummerCHE- HaftungsausschlussDer Autor \u00fcbernimmt keinerlei Gew\u00e4hr hinsichtlich der inhaltlichen Richtigkeit, Genauigkeit, Aktualit\u00e4t, Zuverl\u00e4ssigkeit und Vollst\u00e4ndigkeit der Informationen. Haftungsanspr\u00fcche gegen [&hellip;]<\/p>\n","protected":false},"author":1,"featured_media":0,"parent":0,"menu_order":0,"comment_status":"closed","ping_status":"closed","template":"","meta":{"footnotes":""},"class_list":["post-315","page","type-page","status-publish","hentry"],"yoast_head":"<!-- This site is optimized with the Yoast SEO plugin v27.6 - https:\/\/yoast.com\/product\/yoast-seo-wordpress\/ -->\n<title>Impressum - Psychiatrie Praxis Winkler<\/title>\n<meta name=\"robots\" content=\"index, follow, max-snippet:-1, max-image-preview:large, max-video-preview:-1\" \/>\n<link rel=\"canonical\" href=\"https:\/\/pp-winkler.ch\/index.php\/impressum\/\" \/>\n<meta property=\"og:locale\" content=\"de_DE\" \/>\n<meta property=\"og:type\" content=\"article\" \/>\n<meta property=\"og:title\" content=\"Impressum - Psychiatrie Praxis Winkler\" \/>\n<meta property=\"og:description\" content=\"Psychiatriepraxis Winkler Praxis f\u00fcr Psychiatrie und Psychotherapie in Wil Kontakt Impressum Psychiatriepraxis Winkler ImpressumKontakt-Adresse Psychiatriepraxis WinklerPraxis f\u00fcr Psychiatrie und Psychotherapie in WilBernhard WinklerAlleestrasse 49500 WilSchweizE-Mail: info@pp-winkler.ch Vertretungsberechtigte Person(en)Bernhard Winkler Handelsregister-EintragEingetragener Firmenname: Psychiatriepraxis Winkler Handelsregister Nr: CHE-CH Mehrwertsteuer-NummerCHE- HaftungsausschlussDer Autor \u00fcbernimmt keinerlei Gew\u00e4hr hinsichtlich der inhaltlichen Richtigkeit, Genauigkeit, Aktualit\u00e4t, Zuverl\u00e4ssigkeit und Vollst\u00e4ndigkeit der Informationen. Haftungsanspr\u00fcche gegen [&hellip;]\" \/>\n<meta property=\"og:url\" content=\"https:\/\/pp-winkler.ch\/index.php\/impressum\/\" \/>\n<meta property=\"og:site_name\" content=\"Psychiatrie Praxis Winkler\" \/>\n<meta property=\"article:modified_time\" content=\"2024-08-12T10:38:02+00:00\" \/>\n<meta name=\"twitter:card\" content=\"summary_large_image\" \/>\n<meta name=\"twitter:label1\" content=\"Gesch\u00e4tzte Lesezeit\" \/>\n\t<meta name=\"twitter:data1\" content=\"3\u00a0Minuten\" \/>\n<script type=\"application\/ld+json\" class=\"yoast-schema-graph\">{\"@context\":\"https:\\\/\\\/schema.org\",\"@graph\":[{\"@type\":\"WebPage\",\"@id\":\"https:\\\/\\\/pp-winkler.ch\\\/index.php\\\/impressum\\\/\",\"url\":\"https:\\\/\\\/pp-winkler.ch\\\/index.php\\\/impressum\\\/\",\"name\":\"Impressum - Psychiatrie Praxis Winkler\",\"isPartOf\":{\"@id\":\"https:\\\/\\\/pp-winkler.ch\\\/#website\"},\"datePublished\":\"2024-08-12T10:37:24+00:00\",\"dateModified\":\"2024-08-12T10:38:02+00:00\",\"breadcrumb\":{\"@id\":\"https:\\\/\\\/pp-winkler.ch\\\/index.php\\\/impressum\\\/#breadcrumb\"},\"inLanguage\":\"de\",\"potentialAction\":[{\"@type\":\"ReadAction\",\"target\":[\"https:\\\/\\\/pp-winkler.ch\\\/index.php\\\/impressum\\\/\"]}]},{\"@type\":\"BreadcrumbList\",\"@id\":\"https:\\\/\\\/pp-winkler.ch\\\/index.php\\\/impressum\\\/#breadcrumb\",\"itemListElement\":[{\"@type\":\"ListItem\",\"position\":1,\"name\":\"Startseite\",\"item\":\"https:\\\/\\\/pp-winkler.ch\\\/\"},{\"@type\":\"ListItem\",\"position\":2,\"name\":\"Impressum\"}]},{\"@type\":\"WebSite\",\"@id\":\"https:\\\/\\\/pp-winkler.ch\\\/#website\",\"url\":\"https:\\\/\\\/pp-winkler.ch\\\/\",\"name\":\"Psychiatrie Praxis Winkler\",\"description\":\"\",\"publisher\":{\"@id\":\"https:\\\/\\\/pp-winkler.ch\\\/#organization\"},\"potentialAction\":[{\"@type\":\"SearchAction\",\"target\":{\"@type\":\"EntryPoint\",\"urlTemplate\":\"https:\\\/\\\/pp-winkler.ch\\\/?s={search_term_string}\"},\"query-input\":{\"@type\":\"PropertyValueSpecification\",\"valueRequired\":true,\"valueName\":\"search_term_string\"}}],\"inLanguage\":\"de\"},{\"@type\":\"Organization\",\"@id\":\"https:\\\/\\\/pp-winkler.ch\\\/#organization\",\"name\":\"Psychiatrie Praxis Winkler\",\"url\":\"https:\\\/\\\/pp-winkler.ch\\\/\",\"logo\":{\"@type\":\"ImageObject\",\"inLanguage\":\"de\",\"@id\":\"https:\\\/\\\/pp-winkler.ch\\\/#\\\/schema\\\/logo\\\/image\\\/\",\"url\":\"https:\\\/\\\/pp-winkler.ch\\\/wp-content\\\/uploads\\\/2024\\\/06\\\/cropped-Winkler-Logo-2020-kl.png\",\"contentUrl\":\"https:\\\/\\\/pp-winkler.ch\\\/wp-content\\\/uploads\\\/2024\\\/06\\\/cropped-Winkler-Logo-2020-kl.png\",\"width\":300,\"height\":212,\"caption\":\"Psychiatrie Praxis Winkler\"},\"image\":{\"@id\":\"https:\\\/\\\/pp-winkler.ch\\\/#\\\/schema\\\/logo\\\/image\\\/\"}}]}<\/script>\n<!-- \/ Yoast SEO plugin. -->","yoast_head_json":{"title":"Impressum - Psychiatrie Praxis Winkler","robots":{"index":"index","follow":"follow","max-snippet":"max-snippet:-1","max-image-preview":"max-image-preview:large","max-video-preview":"max-video-preview:-1"},"canonical":"https:\/\/pp-winkler.ch\/index.php\/impressum\/","og_locale":"de_DE","og_type":"article","og_title":"Impressum - Psychiatrie Praxis Winkler","og_description":"Psychiatriepraxis Winkler Praxis f\u00fcr Psychiatrie und Psychotherapie in Wil Kontakt Impressum Psychiatriepraxis Winkler ImpressumKontakt-Adresse Psychiatriepraxis WinklerPraxis f\u00fcr Psychiatrie und Psychotherapie in WilBernhard WinklerAlleestrasse 49500 WilSchweizE-Mail: info@pp-winkler.ch Vertretungsberechtigte Person(en)Bernhard Winkler Handelsregister-EintragEingetragener Firmenname: Psychiatriepraxis Winkler Handelsregister Nr: CHE-CH Mehrwertsteuer-NummerCHE- HaftungsausschlussDer Autor \u00fcbernimmt keinerlei Gew\u00e4hr hinsichtlich der inhaltlichen Richtigkeit, Genauigkeit, Aktualit\u00e4t, Zuverl\u00e4ssigkeit und Vollst\u00e4ndigkeit der Informationen. Haftungsanspr\u00fcche gegen [&hellip;]","og_url":"https:\/\/pp-winkler.ch\/index.php\/impressum\/","og_site_name":"Psychiatrie Praxis Winkler","article_modified_time":"2024-08-12T10:38:02+00:00","twitter_card":"summary_large_image","twitter_misc":{"Gesch\u00e4tzte Lesezeit":"3\u00a0Minuten"},"schema":{"@context":"https:\/\/schema.org","@graph":[{"@type":"WebPage","@id":"https:\/\/pp-winkler.ch\/index.php\/impressum\/","url":"https:\/\/pp-winkler.ch\/index.php\/impressum\/","name":"Impressum - Psychiatrie Praxis Winkler","isPartOf":{"@id":"https:\/\/pp-winkler.ch\/#website"},"datePublished":"2024-08-12T10:37:24+00:00","dateModified":"2024-08-12T10:38:02+00:00","breadcrumb":{"@id":"https:\/\/pp-winkler.ch\/index.php\/impressum\/#breadcrumb"},"inLanguage":"de","potentialAction":[{"@type":"ReadAction","target":["https:\/\/pp-winkler.ch\/index.php\/impressum\/"]}]},{"@type":"BreadcrumbList","@id":"https:\/\/pp-winkler.ch\/index.php\/impressum\/#breadcrumb","itemListElement":[{"@type":"ListItem","position":1,"name":"Startseite","item":"https:\/\/pp-winkler.ch\/"},{"@type":"ListItem","position":2,"name":"Impressum"}]},{"@type":"WebSite","@id":"https:\/\/pp-winkler.ch\/#website","url":"https:\/\/pp-winkler.ch\/","name":"Psychiatrie Praxis Winkler","description":"","publisher":{"@id":"https:\/\/pp-winkler.ch\/#organization"},"potentialAction":[{"@type":"SearchAction","target":{"@type":"EntryPoint","urlTemplate":"https:\/\/pp-winkler.ch\/?s={search_term_string}"},"query-input":{"@type":"PropertyValueSpecification","valueRequired":true,"valueName":"search_term_string"}}],"inLanguage":"de"},{"@type":"Organization","@id":"https:\/\/pp-winkler.ch\/#organization","name":"Psychiatrie Praxis Winkler","url":"https:\/\/pp-winkler.ch\/","logo":{"@type":"ImageObject","inLanguage":"de","@id":"https:\/\/pp-winkler.ch\/#\/schema\/logo\/image\/","url":"https:\/\/pp-winkler.ch\/wp-content\/uploads\/2024\/06\/cropped-Winkler-Logo-2020-kl.png","contentUrl":"https:\/\/pp-winkler.ch\/wp-content\/uploads\/2024\/06\/cropped-Winkler-Logo-2020-kl.png","width":300,"height":212,"caption":"Psychiatrie Praxis Winkler"},"image":{"@id":"https:\/\/pp-winkler.ch\/#\/schema\/logo\/image\/"}}]}},"_links":{"self":[{"href":"https:\/\/pp-winkler.ch\/index.php\/wp-json\/wp\/v2\/pages\/315","targetHints":{"allow":["GET"]}}],"collection":[{"href":"https:\/\/pp-winkler.ch\/index.php\/wp-json\/wp\/v2\/pages"}],"about":[{"href":"https:\/\/pp-winkler.ch\/index.php\/wp-json\/wp\/v2\/types\/page"}],"author":[{"embeddable":true,"href":"https:\/\/pp-winkler.ch\/index.php\/wp-json\/wp\/v2\/users\/1"}],"replies":[{"embeddable":true,"href":"https:\/\/pp-winkler.ch\/index.php\/wp-json\/wp\/v2\/comments?post=315"}],"version-history":[{"count":4,"href":"https:\/\/pp-winkler.ch\/index.php\/wp-json\/wp\/v2\/pages\/315\/revisions"}],"predecessor-version":[{"id":319,"href":"https:\/\/pp-winkler.ch\/index.php\/wp-json\/wp\/v2\/pages\/315\/revisions\/319"}],"wp:attachment":[{"href":"https:\/\/pp-winkler.ch\/index.php\/wp-json\/wp\/v2\/media?parent=315"}],"curies":[{"name":"wp","href":"https:\/\/api.w.org\/{rel}","templated":true}]}}