{"id":304,"date":"2024-08-12T10:33:53","date_gmt":"2024-08-12T10:33:53","guid":{"rendered":"https:\/\/pp-winkler.ch\/?page_id=304"},"modified":"2024-09-09T21:06:41","modified_gmt":"2024-09-09T21:06:41","slug":"uber-mich","status":"publish","type":"page","link":"https:\/\/pp-winkler.ch\/index.php\/uber-mich\/","title":{"rendered":"\u00fcber mich"},"content":{"rendered":"\t\t<div data-elementor-type=\"wp-page\" data-elementor-id=\"304\" class=\"elementor elementor-304\" data-elementor-post-type=\"page\">\n\t\t\t\t\t\t<section class=\"elementor-section elementor-top-section elementor-element elementor-element-215d70e1 elementor-section-boxed elementor-section-height-default elementor-section-height-default\" data-id=\"215d70e1\" data-element_type=\"section\" data-e-type=\"section\" data-settings=\"{&quot;background_background&quot;:&quot;classic&quot;,&quot;ekit_has_onepagescroll_dot&quot;:&quot;yes&quot;}\">\n\t\t\t\t\t\t\t<div class=\"elementor-background-overlay\"><\/div>\n\t\t\t\t\t\t\t<div class=\"elementor-container elementor-column-gap-default\">\n\t\t\t\t\t<div class=\"elementor-column elementor-col-100 elementor-top-column elementor-element elementor-element-74771a43\" data-id=\"74771a43\" data-element_type=\"column\" data-e-type=\"column\">\n\t\t\t<div class=\"elementor-widget-wrap elementor-element-populated\">\n\t\t\t\t\t\t<section class=\"elementor-section elementor-inner-section elementor-element elementor-element-4f1d7c42 elementor-section-boxed elementor-section-height-default elementor-section-height-default\" data-id=\"4f1d7c42\" data-element_type=\"section\" data-e-type=\"section\" data-settings=\"{&quot;ekit_has_onepagescroll_dot&quot;:&quot;yes&quot;}\">\n\t\t\t\t\t\t<div class=\"elementor-container elementor-column-gap-default\">\n\t\t\t\t\t<div class=\"elementor-column elementor-col-50 elementor-inner-column elementor-element elementor-element-7adff265\" data-id=\"7adff265\" data-element_type=\"column\" data-e-type=\"column\">\n\t\t\t<div class=\"elementor-widget-wrap elementor-element-populated\">\n\t\t\t\t\t\t<div class=\"elementor-element elementor-element-202b2846 elementor-widget-tablet__width-initial elementor-widget elementor-widget-elementskit-heading\" data-id=\"202b2846\" data-element_type=\"widget\" data-e-type=\"widget\" data-settings=\"{&quot;ekit_we_effect_on&quot;:&quot;none&quot;}\" data-widget_type=\"elementskit-heading.default\">\n\t\t\t\t<div class=\"elementor-widget-container\">\n\t\t\t\t\t<div class=\"ekit-wid-con\" ><div class=\"ekit-heading elementskit-section-title-wraper text_left   ekit_heading_tablet-   ekit_heading_mobile-\"><span class=\"elementskit-section-subtitle  elementskit-style-border\">\n\t\t\t\t\t\tPsychiatriepraxis Winkler\n\t\t\t\t\t<\/span><h2 class=\"ekit-heading--title elementskit-section-title \">Praxis f\u00fcr Psychiatrie<\/h2>\t\t\t\t<div class='ekit-heading__description'>\n\t\t\t\t\t<p>und Psychotherapie in Wil<\/p>\n\t\t\t\t<\/div>\n\t\t\t<\/div><\/div>\t\t\t\t<\/div>\n\t\t\t\t<\/div>\n\t\t\t\t\t<\/div>\n\t\t<\/div>\n\t\t\t\t<div class=\"elementor-column elementor-col-50 elementor-inner-column elementor-element elementor-element-7d817758\" data-id=\"7d817758\" data-element_type=\"column\" data-e-type=\"column\">\n\t\t\t<div class=\"elementor-widget-wrap\">\n\t\t\t\t\t\t\t<\/div>\n\t\t<\/div>\n\t\t\t\t\t<\/div>\n\t\t<\/section>\n\t\t\t\t\t<\/div>\n\t\t<\/div>\n\t\t\t\t\t<\/div>\n\t\t<\/section>\n\t\t\t\t<section class=\"elementor-section elementor-top-section elementor-element elementor-element-18dbf684 elementor-section-boxed elementor-section-height-default elementor-section-height-default\" data-id=\"18dbf684\" data-element_type=\"section\" data-e-type=\"section\" data-settings=\"{&quot;ekit_has_onepagescroll_dot&quot;:&quot;yes&quot;}\">\n\t\t\t\t\t\t<div class=\"elementor-container elementor-column-gap-default\">\n\t\t\t\t\t<div class=\"elementor-column elementor-col-100 elementor-top-column elementor-element elementor-element-d10e5cf\" data-id=\"d10e5cf\" data-element_type=\"column\" data-e-type=\"column\">\n\t\t\t<div class=\"elementor-widget-wrap elementor-element-populated\">\n\t\t\t\t\t\t<section class=\"elementor-section elementor-inner-section elementor-element elementor-element-6717896d elementor-section-boxed elementor-section-height-default elementor-section-height-default\" data-id=\"6717896d\" data-element_type=\"section\" data-e-type=\"section\" data-settings=\"{&quot;background_background&quot;:&quot;classic&quot;,&quot;ekit_has_onepagescroll_dot&quot;:&quot;yes&quot;}\">\n\t\t\t\t\t\t<div class=\"elementor-container elementor-column-gap-default\">\n\t\t\t\t\t<div class=\"elementor-column elementor-col-100 elementor-inner-column elementor-element elementor-element-4f04ecb5\" data-id=\"4f04ecb5\" data-element_type=\"column\" data-e-type=\"column\">\n\t\t\t<div class=\"elementor-widget-wrap elementor-element-populated\">\n\t\t\t\t\t\t<div class=\"elementor-element elementor-element-21817ec9 elementor-widget elementor-widget-elementskit-heading\" data-id=\"21817ec9\" data-element_type=\"widget\" data-e-type=\"widget\" data-settings=\"{&quot;ekit_we_effect_on&quot;:&quot;none&quot;}\" data-widget_type=\"elementskit-heading.default\">\n\t\t\t\t<div class=\"elementor-widget-container\">\n\t\t\t\t\t<div class=\"ekit-wid-con\" ><div class=\"ekit-heading elementskit-section-title-wraper text_center   ekit_heading_tablet-   ekit_heading_mobile-\"><h2 class=\"ekit-heading--title elementskit-section-title \">Herzlich willkommen auf der Webseite von der Psychiatriepraxis Winkler.<\/h2>\t\t\t\t<div class='ekit-heading__description'>\n\t\t\t\t\t<p>Psychiatrie Wil ist Ihre Ansprechpartnerin, wenn Sie Fragen zur Gesundheit haben.<br \/>F\u00fcr Sie nehmen wir uns Zeit.<\/p>\n<p><strong>Aufgrund von Kapazit\u00e4tsgr\u00fcnden kann ich derzeit keine neuen Patienten mehr annehmen.<\/strong><\/p>\n\t\t\t\t<\/div>\n\t\t\t<\/div><\/div>\t\t\t\t<\/div>\n\t\t\t\t<\/div>\n\t\t\t\t\t<\/div>\n\t\t<\/div>\n\t\t\t\t\t<\/div>\n\t\t<\/section>\n\t\t\t\t\t<\/div>\n\t\t<\/div>\n\t\t\t\t\t<\/div>\n\t\t<\/section>\n\t\t\t\t<section class=\"elementor-section elementor-top-section elementor-element elementor-element-4b11bfd1 elementor-section-boxed elementor-section-height-default elementor-section-height-default\" data-id=\"4b11bfd1\" data-element_type=\"section\" data-e-type=\"section\" data-settings=\"{&quot;ekit_has_onepagescroll_dot&quot;:&quot;yes&quot;}\">\n\t\t\t\t\t\t<div class=\"elementor-container elementor-column-gap-default\">\n\t\t\t\t\t<div class=\"elementor-column elementor-col-100 elementor-top-column elementor-element elementor-element-12e54c86\" data-id=\"12e54c86\" data-element_type=\"column\" data-e-type=\"column\">\n\t\t\t<div class=\"elementor-widget-wrap elementor-element-populated\">\n\t\t\t\t\t\t<section class=\"elementor-section elementor-inner-section elementor-element elementor-element-1c6a35e2 elementor-section-boxed elementor-section-height-default elementor-section-height-default\" data-id=\"1c6a35e2\" data-element_type=\"section\" data-e-type=\"section\" data-settings=\"{&quot;ekit_has_onepagescroll_dot&quot;:&quot;yes&quot;}\">\n\t\t\t\t\t\t<div class=\"elementor-container elementor-column-gap-default\">\n\t\t\t\t\t<div class=\"elementor-column elementor-col-50 elementor-inner-column elementor-element elementor-element-2a558809\" data-id=\"2a558809\" data-element_type=\"column\" data-e-type=\"column\">\n\t\t\t<div class=\"elementor-widget-wrap elementor-element-populated\">\n\t\t\t\t\t\t<div class=\"elementor-element elementor-element-41a9f3d9 elementor-widget elementor-widget-elementskit-heading\" data-id=\"41a9f3d9\" data-element_type=\"widget\" data-e-type=\"widget\" data-settings=\"{&quot;ekit_we_effect_on&quot;:&quot;none&quot;}\" data-widget_type=\"elementskit-heading.default\">\n\t\t\t\t<div class=\"elementor-widget-container\">\n\t\t\t\t\t<div class=\"ekit-wid-con\" ><div class=\"ekit-heading elementskit-section-title-wraper text_left   ekit_heading_tablet-   ekit_heading_mobile-\"><span class=\"elementskit-section-subtitle  elementskit-style-border\">\n\t\t\t\t\t\tPsychiatriepraxis Winkler\n\t\t\t\t\t<\/span><h2 class=\"ekit-heading--title elementskit-section-title \">Meine bisherigen T\u00e4tigkeiten und Erfahrungen:<\/h2>\t\t\t\t<div class='ekit-heading__description'>\n\t\t\t\t\t<p>Meine psychiatrische und psychotherapeutische Ausbildung begann w\u00e4hrend des Medizinstudiums mit einer f\u00fcnfw\u00f6chigen Famulatur am Klinikum Ingolstadt (Prof. Hartmann) und wurde in meinem Assistenzjahr bei Prof. N. M\u00fcller und Prof. U. Hegerl in der Psychiatrischen Klinik der Universit\u00e4t M\u00fcnchen (Prof. H.J. M\u00f6ller) weitergef\u00fchrt. In der psychosomatischen Reha-Einrichtung f\u00fcr Kinder und Jugendliche in B\u00fchl a. Alpsee (Dr. Hafner-Althammer) sowie am Bezirkskrankenhaus Kempten\/Allg\u00e4u (Prof. Brieger) wurde meine Ausbildung erg\u00e4nzt und vervollst\u00e4ndigt.<br \/>\n<br \/>\nAls Oberarzt in der Privatklinik HEMERA f\u00fcr Jugendliche und junge Erwachsene in Bad Kissingen (Prof. Mehler-Wex) und als Facharzt in den HELIOS-Kliniken Bad Gr\u00f6nenbach (Nov. 2014 bis Sept. 2015) konnte ich meine Erfahrungen erweitern. Von Okt. 2015 bis Feb. 2020 war ich Oberarzt in der Psychiatrie St.Gallen Nord (PSGN), Klinik Wil, und leitete dort zusammen mit Dipl. Pflegefachfrau Rita Arnold die Suchttherapiestation 08\/4. Seit dem 01.03.2020 f\u00fchre ich meine eigene Praxis in Wil, Pestalozzistrasse 8.<br \/>\n<br \/>\nDie theoretischen Grundlagen der Psychotherapie erwarb ich berufsbegleitend an der S\u00fcddeutschen Akademie f\u00fcr Psychotherapie in Bad Gr\u00f6nenbach (Dr. Ritthaler). Ich pflege einen personenorientierten, wertsch\u00e4tzenden Gespr\u00e4chsstil und habe w\u00e4hrend meiner ambulanten T\u00e4tigkeit im Allg\u00e4u (2010 bis M\u00e4rz 2014) \u00fcberdurchschnittlich viel Zeit f\u00fcr jeden Patienten aufgewendet und regelm\u00e4\u00dfig am Qualit\u00e4tszirkel der praktizierenden Psychotherapeuten teilgenommen.<br \/>\n<br \/>\nAls Neurologe im Behandlungszentrum f\u00fcr Multiple Sklerose in Berg-Kempfenhausen in Oberbayern pr\u00e4gte ich diesen Behandlungsstil weiter aus. Am Bezirkskrankenhaus Kempten leitete ich eine Gruppe zur Psychoedukation f\u00fcr Menschen mit bipolarer St\u00f6rung und betreute im MVZ Immenstadt Altenpflegeeinrichtungen im Oberallg\u00e4u im Liaisondienst, im Austausch mit dem Sozialpsychiatrischen Zentrum der Diakonie in Immenstadt\/Allg\u00e4u.<\/p>\n\t\t\t\t<\/div>\n\t\t\t<\/div><\/div>\t\t\t\t<\/div>\n\t\t\t\t<\/div>\n\t\t\t\t\t<\/div>\n\t\t<\/div>\n\t\t\t\t<div class=\"elementor-column elementor-col-50 elementor-inner-column elementor-element elementor-element-87315c5\" data-id=\"87315c5\" data-element_type=\"column\" data-e-type=\"column\">\n\t\t\t<div class=\"elementor-widget-wrap elementor-element-populated\">\n\t\t\t\t\t\t<div class=\"elementor-element elementor-element-11b973e6 elementor-widget elementor-widget-image\" data-id=\"11b973e6\" data-element_type=\"widget\" data-e-type=\"widget\" data-settings=\"{&quot;ekit_we_effect_on&quot;:&quot;none&quot;}\" data-widget_type=\"image.default\">\n\t\t\t\t<div class=\"elementor-widget-container\">\n\t\t\t\t\t\t\t\t\t\t\t\t\t\t\t<img fetchpriority=\"high\" decoding=\"async\" width=\"768\" height=\"1024\" src=\"https:\/\/pp-winkler.ch\/wp-content\/uploads\/2024\/08\/IMG_20200314_181936-768x1024.jpg\" class=\"attachment-large size-large wp-image-240\" alt=\"\" srcset=\"https:\/\/pp-winkler.ch\/wp-content\/uploads\/2024\/08\/IMG_20200314_181936-768x1024.jpg 768w, https:\/\/pp-winkler.ch\/wp-content\/uploads\/2024\/08\/IMG_20200314_181936-225x300.jpg 225w, https:\/\/pp-winkler.ch\/wp-content\/uploads\/2024\/08\/IMG_20200314_181936-1152x1536.jpg 1152w, https:\/\/pp-winkler.ch\/wp-content\/uploads\/2024\/08\/IMG_20200314_181936-1536x2048.jpg 1536w, https:\/\/pp-winkler.ch\/wp-content\/uploads\/2024\/08\/IMG_20200314_181936-scaled.jpg 1920w\" sizes=\"(max-width: 768px) 100vw, 768px\" \/>\t\t\t\t\t\t\t\t\t\t\t\t\t\t\t<\/div>\n\t\t\t\t<\/div>\n\t\t\t\t\t<\/div>\n\t\t<\/div>\n\t\t\t\t\t<\/div>\n\t\t<\/section>\n\t\t\t\t\t<\/div>\n\t\t<\/div>\n\t\t\t\t\t<\/div>\n\t\t<\/section>\n\t\t\t\t<\/div>\n\t\t","protected":false},"excerpt":{"rendered":"<p>Psychiatriepraxis Winkler Praxis f\u00fcr Psychiatrie und Psychotherapie in Wil Herzlich willkommen auf der Webseite von der Psychiatriepraxis Winkler. Psychiatrie Wil ist Ihre Ansprechpartnerin, wenn Sie Fragen zur Gesundheit haben.F\u00fcr Sie nehmen wir uns Zeit. Aufgrund von Kapazit\u00e4tsgr\u00fcnden kann ich derzeit keine neuen Patienten mehr annehmen. Psychiatriepraxis Winkler Meine bisherigen T\u00e4tigkeiten und Erfahrungen: Meine psychiatrische und [&hellip;]<\/p>\n","protected":false},"author":1,"featured_media":0,"parent":0,"menu_order":0,"comment_status":"closed","ping_status":"closed","template":"","meta":{"footnotes":""},"class_list":["post-304","page","type-page","status-publish","hentry"],"yoast_head":"<!-- This site is optimized with the Yoast SEO plugin v27.6 - https:\/\/yoast.com\/product\/yoast-seo-wordpress\/ -->\n<title>\u00fcber mich - Psychiatrie Praxis Winkler<\/title>\n<meta name=\"robots\" content=\"index, follow, max-snippet:-1, max-image-preview:large, max-video-preview:-1\" \/>\n<link rel=\"canonical\" href=\"https:\/\/pp-winkler.ch\/index.php\/uber-mich\/\" \/>\n<meta property=\"og:locale\" content=\"de_DE\" \/>\n<meta property=\"og:type\" content=\"article\" \/>\n<meta property=\"og:title\" content=\"\u00fcber mich - Psychiatrie Praxis Winkler\" \/>\n<meta property=\"og:description\" content=\"Psychiatriepraxis Winkler Praxis f\u00fcr Psychiatrie und Psychotherapie in Wil Herzlich willkommen auf der Webseite von der Psychiatriepraxis Winkler. Psychiatrie Wil ist Ihre Ansprechpartnerin, wenn Sie Fragen zur Gesundheit haben.F\u00fcr Sie nehmen wir uns Zeit. Aufgrund von Kapazit\u00e4tsgr\u00fcnden kann ich derzeit keine neuen Patienten mehr annehmen. Psychiatriepraxis Winkler Meine bisherigen T\u00e4tigkeiten und Erfahrungen: Meine psychiatrische und [&hellip;]\" \/>\n<meta property=\"og:url\" content=\"https:\/\/pp-winkler.ch\/index.php\/uber-mich\/\" \/>\n<meta property=\"og:site_name\" content=\"Psychiatrie Praxis Winkler\" \/>\n<meta property=\"article:modified_time\" content=\"2024-09-09T21:06:41+00:00\" \/>\n<meta property=\"og:image\" content=\"https:\/\/pp-winkler.ch\/wp-content\/uploads\/2024\/08\/IMG_20200314_181936-768x1024.jpg\" \/>\n<meta name=\"twitter:card\" content=\"summary_large_image\" \/>\n<meta name=\"twitter:label1\" content=\"Gesch\u00e4tzte Lesezeit\" \/>\n\t<meta name=\"twitter:data1\" content=\"2\u00a0Minuten\" \/>\n<script type=\"application\/ld+json\" class=\"yoast-schema-graph\">{\"@context\":\"https:\\\/\\\/schema.org\",\"@graph\":[{\"@type\":\"WebPage\",\"@id\":\"https:\\\/\\\/pp-winkler.ch\\\/index.php\\\/uber-mich\\\/\",\"url\":\"https:\\\/\\\/pp-winkler.ch\\\/index.php\\\/uber-mich\\\/\",\"name\":\"\u00fcber mich - Psychiatrie Praxis Winkler\",\"isPartOf\":{\"@id\":\"https:\\\/\\\/pp-winkler.ch\\\/#website\"},\"primaryImageOfPage\":{\"@id\":\"https:\\\/\\\/pp-winkler.ch\\\/index.php\\\/uber-mich\\\/#primaryimage\"},\"image\":{\"@id\":\"https:\\\/\\\/pp-winkler.ch\\\/index.php\\\/uber-mich\\\/#primaryimage\"},\"thumbnailUrl\":\"https:\\\/\\\/pp-winkler.ch\\\/wp-content\\\/uploads\\\/2024\\\/08\\\/IMG_20200314_181936-768x1024.jpg\",\"datePublished\":\"2024-08-12T10:33:53+00:00\",\"dateModified\":\"2024-09-09T21:06:41+00:00\",\"breadcrumb\":{\"@id\":\"https:\\\/\\\/pp-winkler.ch\\\/index.php\\\/uber-mich\\\/#breadcrumb\"},\"inLanguage\":\"de\",\"potentialAction\":[{\"@type\":\"ReadAction\",\"target\":[\"https:\\\/\\\/pp-winkler.ch\\\/index.php\\\/uber-mich\\\/\"]}]},{\"@type\":\"ImageObject\",\"inLanguage\":\"de\",\"@id\":\"https:\\\/\\\/pp-winkler.ch\\\/index.php\\\/uber-mich\\\/#primaryimage\",\"url\":\"https:\\\/\\\/pp-winkler.ch\\\/wp-content\\\/uploads\\\/2024\\\/08\\\/IMG_20200314_181936-scaled.jpg\",\"contentUrl\":\"https:\\\/\\\/pp-winkler.ch\\\/wp-content\\\/uploads\\\/2024\\\/08\\\/IMG_20200314_181936-scaled.jpg\",\"width\":1920,\"height\":2560},{\"@type\":\"BreadcrumbList\",\"@id\":\"https:\\\/\\\/pp-winkler.ch\\\/index.php\\\/uber-mich\\\/#breadcrumb\",\"itemListElement\":[{\"@type\":\"ListItem\",\"position\":1,\"name\":\"Startseite\",\"item\":\"https:\\\/\\\/pp-winkler.ch\\\/\"},{\"@type\":\"ListItem\",\"position\":2,\"name\":\"\u00fcber mich\"}]},{\"@type\":\"WebSite\",\"@id\":\"https:\\\/\\\/pp-winkler.ch\\\/#website\",\"url\":\"https:\\\/\\\/pp-winkler.ch\\\/\",\"name\":\"Psychiatrie Praxis Winkler\",\"description\":\"\",\"publisher\":{\"@id\":\"https:\\\/\\\/pp-winkler.ch\\\/#organization\"},\"potentialAction\":[{\"@type\":\"SearchAction\",\"target\":{\"@type\":\"EntryPoint\",\"urlTemplate\":\"https:\\\/\\\/pp-winkler.ch\\\/?s={search_term_string}\"},\"query-input\":{\"@type\":\"PropertyValueSpecification\",\"valueRequired\":true,\"valueName\":\"search_term_string\"}}],\"inLanguage\":\"de\"},{\"@type\":\"Organization\",\"@id\":\"https:\\\/\\\/pp-winkler.ch\\\/#organization\",\"name\":\"Psychiatrie Praxis Winkler\",\"url\":\"https:\\\/\\\/pp-winkler.ch\\\/\",\"logo\":{\"@type\":\"ImageObject\",\"inLanguage\":\"de\",\"@id\":\"https:\\\/\\\/pp-winkler.ch\\\/#\\\/schema\\\/logo\\\/image\\\/\",\"url\":\"https:\\\/\\\/pp-winkler.ch\\\/wp-content\\\/uploads\\\/2024\\\/06\\\/cropped-Winkler-Logo-2020-kl.png\",\"contentUrl\":\"https:\\\/\\\/pp-winkler.ch\\\/wp-content\\\/uploads\\\/2024\\\/06\\\/cropped-Winkler-Logo-2020-kl.png\",\"width\":300,\"height\":212,\"caption\":\"Psychiatrie Praxis Winkler\"},\"image\":{\"@id\":\"https:\\\/\\\/pp-winkler.ch\\\/#\\\/schema\\\/logo\\\/image\\\/\"}}]}<\/script>\n<!-- \/ Yoast SEO plugin. -->","yoast_head_json":{"title":"\u00fcber mich - Psychiatrie Praxis Winkler","robots":{"index":"index","follow":"follow","max-snippet":"max-snippet:-1","max-image-preview":"max-image-preview:large","max-video-preview":"max-video-preview:-1"},"canonical":"https:\/\/pp-winkler.ch\/index.php\/uber-mich\/","og_locale":"de_DE","og_type":"article","og_title":"\u00fcber mich - Psychiatrie Praxis Winkler","og_description":"Psychiatriepraxis Winkler Praxis f\u00fcr Psychiatrie und Psychotherapie in Wil Herzlich willkommen auf der Webseite von der Psychiatriepraxis Winkler. Psychiatrie Wil ist Ihre Ansprechpartnerin, wenn Sie Fragen zur Gesundheit haben.F\u00fcr Sie nehmen wir uns Zeit. Aufgrund von Kapazit\u00e4tsgr\u00fcnden kann ich derzeit keine neuen Patienten mehr annehmen. Psychiatriepraxis Winkler Meine bisherigen T\u00e4tigkeiten und Erfahrungen: Meine psychiatrische und [&hellip;]","og_url":"https:\/\/pp-winkler.ch\/index.php\/uber-mich\/","og_site_name":"Psychiatrie Praxis Winkler","article_modified_time":"2024-09-09T21:06:41+00:00","og_image":[{"url":"https:\/\/pp-winkler.ch\/wp-content\/uploads\/2024\/08\/IMG_20200314_181936-768x1024.jpg","type":"","width":"","height":""}],"twitter_card":"summary_large_image","twitter_misc":{"Gesch\u00e4tzte Lesezeit":"2\u00a0Minuten"},"schema":{"@context":"https:\/\/schema.org","@graph":[{"@type":"WebPage","@id":"https:\/\/pp-winkler.ch\/index.php\/uber-mich\/","url":"https:\/\/pp-winkler.ch\/index.php\/uber-mich\/","name":"\u00fcber mich - Psychiatrie Praxis Winkler","isPartOf":{"@id":"https:\/\/pp-winkler.ch\/#website"},"primaryImageOfPage":{"@id":"https:\/\/pp-winkler.ch\/index.php\/uber-mich\/#primaryimage"},"image":{"@id":"https:\/\/pp-winkler.ch\/index.php\/uber-mich\/#primaryimage"},"thumbnailUrl":"https:\/\/pp-winkler.ch\/wp-content\/uploads\/2024\/08\/IMG_20200314_181936-768x1024.jpg","datePublished":"2024-08-12T10:33:53+00:00","dateModified":"2024-09-09T21:06:41+00:00","breadcrumb":{"@id":"https:\/\/pp-winkler.ch\/index.php\/uber-mich\/#breadcrumb"},"inLanguage":"de","potentialAction":[{"@type":"ReadAction","target":["https:\/\/pp-winkler.ch\/index.php\/uber-mich\/"]}]},{"@type":"ImageObject","inLanguage":"de","@id":"https:\/\/pp-winkler.ch\/index.php\/uber-mich\/#primaryimage","url":"https:\/\/pp-winkler.ch\/wp-content\/uploads\/2024\/08\/IMG_20200314_181936-scaled.jpg","contentUrl":"https:\/\/pp-winkler.ch\/wp-content\/uploads\/2024\/08\/IMG_20200314_181936-scaled.jpg","width":1920,"height":2560},{"@type":"BreadcrumbList","@id":"https:\/\/pp-winkler.ch\/index.php\/uber-mich\/#breadcrumb","itemListElement":[{"@type":"ListItem","position":1,"name":"Startseite","item":"https:\/\/pp-winkler.ch\/"},{"@type":"ListItem","position":2,"name":"\u00fcber mich"}]},{"@type":"WebSite","@id":"https:\/\/pp-winkler.ch\/#website","url":"https:\/\/pp-winkler.ch\/","name":"Psychiatrie Praxis Winkler","description":"","publisher":{"@id":"https:\/\/pp-winkler.ch\/#organization"},"potentialAction":[{"@type":"SearchAction","target":{"@type":"EntryPoint","urlTemplate":"https:\/\/pp-winkler.ch\/?s={search_term_string}"},"query-input":{"@type":"PropertyValueSpecification","valueRequired":true,"valueName":"search_term_string"}}],"inLanguage":"de"},{"@type":"Organization","@id":"https:\/\/pp-winkler.ch\/#organization","name":"Psychiatrie Praxis Winkler","url":"https:\/\/pp-winkler.ch\/","logo":{"@type":"ImageObject","inLanguage":"de","@id":"https:\/\/pp-winkler.ch\/#\/schema\/logo\/image\/","url":"https:\/\/pp-winkler.ch\/wp-content\/uploads\/2024\/06\/cropped-Winkler-Logo-2020-kl.png","contentUrl":"https:\/\/pp-winkler.ch\/wp-content\/uploads\/2024\/06\/cropped-Winkler-Logo-2020-kl.png","width":300,"height":212,"caption":"Psychiatrie Praxis Winkler"},"image":{"@id":"https:\/\/pp-winkler.ch\/#\/schema\/logo\/image\/"}}]}},"_links":{"self":[{"href":"https:\/\/pp-winkler.ch\/index.php\/wp-json\/wp\/v2\/pages\/304","targetHints":{"allow":["GET"]}}],"collection":[{"href":"https:\/\/pp-winkler.ch\/index.php\/wp-json\/wp\/v2\/pages"}],"about":[{"href":"https:\/\/pp-winkler.ch\/index.php\/wp-json\/wp\/v2\/types\/page"}],"author":[{"embeddable":true,"href":"https:\/\/pp-winkler.ch\/index.php\/wp-json\/wp\/v2\/users\/1"}],"replies":[{"embeddable":true,"href":"https:\/\/pp-winkler.ch\/index.php\/wp-json\/wp\/v2\/comments?post=304"}],"version-history":[{"count":22,"href":"https:\/\/pp-winkler.ch\/index.php\/wp-json\/wp\/v2\/pages\/304\/revisions"}],"predecessor-version":[{"id":390,"href":"https:\/\/pp-winkler.ch\/index.php\/wp-json\/wp\/v2\/pages\/304\/revisions\/390"}],"wp:attachment":[{"href":"https:\/\/pp-winkler.ch\/index.php\/wp-json\/wp\/v2\/media?parent=304"}],"curies":[{"name":"wp","href":"https:\/\/api.w.org\/{rel}","templated":true}]}}