{"id":21,"date":"2024-06-10T10:35:40","date_gmt":"2024-06-10T10:35:40","guid":{"rendered":"https:\/\/pp-winkler.ch\/?page_id=21"},"modified":"2024-09-09T21:08:24","modified_gmt":"2024-09-09T21:08:24","slug":"home","status":"publish","type":"page","link":"https:\/\/pp-winkler.ch\/","title":{"rendered":"Home"},"content":{"rendered":"\t\t<div data-elementor-type=\"wp-page\" data-elementor-id=\"21\" class=\"elementor elementor-21\" data-elementor-post-type=\"page\">\n\t\t\t\t\t\t<section class=\"elementor-section elementor-top-section elementor-element elementor-element-215d70e1 elementor-section-boxed elementor-section-height-default elementor-section-height-default\" data-id=\"215d70e1\" data-element_type=\"section\" data-e-type=\"section\" data-settings=\"{&quot;background_background&quot;:&quot;classic&quot;,&quot;ekit_has_onepagescroll_dot&quot;:&quot;yes&quot;}\">\n\t\t\t\t\t\t\t<div class=\"elementor-background-overlay\"><\/div>\n\t\t\t\t\t\t\t<div class=\"elementor-container elementor-column-gap-default\">\n\t\t\t\t\t<div class=\"elementor-column elementor-col-100 elementor-top-column elementor-element elementor-element-74771a43\" data-id=\"74771a43\" data-element_type=\"column\" data-e-type=\"column\">\n\t\t\t<div class=\"elementor-widget-wrap elementor-element-populated\">\n\t\t\t\t\t\t<section class=\"elementor-section elementor-inner-section elementor-element elementor-element-4f1d7c42 elementor-section-boxed elementor-section-height-default elementor-section-height-default\" data-id=\"4f1d7c42\" data-element_type=\"section\" data-e-type=\"section\" data-settings=\"{&quot;ekit_has_onepagescroll_dot&quot;:&quot;yes&quot;}\">\n\t\t\t\t\t\t<div class=\"elementor-container elementor-column-gap-default\">\n\t\t\t\t\t<div class=\"elementor-column elementor-col-50 elementor-inner-column elementor-element elementor-element-7adff265\" data-id=\"7adff265\" data-element_type=\"column\" data-e-type=\"column\">\n\t\t\t<div class=\"elementor-widget-wrap elementor-element-populated\">\n\t\t\t\t\t\t<div class=\"elementor-element elementor-element-202b2846 elementor-widget-tablet__width-initial elementor-widget elementor-widget-elementskit-heading\" data-id=\"202b2846\" data-element_type=\"widget\" data-e-type=\"widget\" data-settings=\"{&quot;ekit_we_effect_on&quot;:&quot;none&quot;}\" data-widget_type=\"elementskit-heading.default\">\n\t\t\t\t<div class=\"elementor-widget-container\">\n\t\t\t\t\t<div class=\"ekit-wid-con\" ><div class=\"ekit-heading elementskit-section-title-wraper text_left   ekit_heading_tablet-   ekit_heading_mobile-\"><span class=\"elementskit-section-subtitle  elementskit-style-border\">\n\t\t\t\t\t\tPsychiatriepraxis Winkler\n\t\t\t\t\t<\/span><h2 class=\"ekit-heading--title elementskit-section-title \">Praxis f\u00fcr Psychiatrie<\/h2>\t\t\t\t<div class='ekit-heading__description'>\n\t\t\t\t\t<p>und Psychotherapie in Wil<\/p>\n\t\t\t\t<\/div>\n\t\t\t<\/div><\/div>\t\t\t\t<\/div>\n\t\t\t\t<\/div>\n\t\t\t\t<div class=\"elementor-element elementor-element-65a797b6 elementor-align-left elementor-widget elementor-widget-elementskit-button\" data-id=\"65a797b6\" data-element_type=\"widget\" data-e-type=\"widget\" data-settings=\"{&quot;ekit_we_effect_on&quot;:&quot;none&quot;}\" data-widget_type=\"elementskit-button.default\">\n\t\t\t\t<div class=\"elementor-widget-container\">\n\t\t\t\t\t<div class=\"ekit-wid-con\" >\t\t<div class=\"ekit-btn-wraper\">\n\t\t\t\t\t\t\t<a href=\"https:\/\/pp-winkler.ch\/index.php\/kontakt\/\" class=\"elementskit-btn  whitespace--normal\" id=\"\">\n\t\t\t\t\tKontakt\t\t\t\t<\/a>\n\t\t\t\t\t<\/div>\n        <\/div>\t\t\t\t<\/div>\n\t\t\t\t<\/div>\n\t\t\t\t\t<\/div>\n\t\t<\/div>\n\t\t\t\t<div class=\"elementor-column elementor-col-50 elementor-inner-column elementor-element elementor-element-7d817758\" data-id=\"7d817758\" data-element_type=\"column\" data-e-type=\"column\">\n\t\t\t<div class=\"elementor-widget-wrap\">\n\t\t\t\t\t\t\t<\/div>\n\t\t<\/div>\n\t\t\t\t\t<\/div>\n\t\t<\/section>\n\t\t\t\t\t<\/div>\n\t\t<\/div>\n\t\t\t\t\t<\/div>\n\t\t<\/section>\n\t\t\t\t<section class=\"elementor-section elementor-top-section elementor-element elementor-element-18dbf684 elementor-section-boxed elementor-section-height-default elementor-section-height-default\" data-id=\"18dbf684\" data-element_type=\"section\" data-e-type=\"section\" data-settings=\"{&quot;ekit_has_onepagescroll_dot&quot;:&quot;yes&quot;}\">\n\t\t\t\t\t\t<div class=\"elementor-container elementor-column-gap-default\">\n\t\t\t\t\t<div class=\"elementor-column elementor-col-100 elementor-top-column elementor-element elementor-element-d10e5cf\" data-id=\"d10e5cf\" data-element_type=\"column\" data-e-type=\"column\">\n\t\t\t<div class=\"elementor-widget-wrap elementor-element-populated\">\n\t\t\t\t\t\t<section class=\"elementor-section elementor-inner-section elementor-element elementor-element-6717896d elementor-section-boxed elementor-section-height-default elementor-section-height-default\" data-id=\"6717896d\" data-element_type=\"section\" data-e-type=\"section\" data-settings=\"{&quot;background_background&quot;:&quot;classic&quot;,&quot;ekit_has_onepagescroll_dot&quot;:&quot;yes&quot;}\">\n\t\t\t\t\t\t<div class=\"elementor-container elementor-column-gap-default\">\n\t\t\t\t\t<div class=\"elementor-column elementor-col-100 elementor-inner-column elementor-element elementor-element-4f04ecb5\" data-id=\"4f04ecb5\" data-element_type=\"column\" data-e-type=\"column\">\n\t\t\t<div class=\"elementor-widget-wrap elementor-element-populated\">\n\t\t\t\t\t\t<div class=\"elementor-element elementor-element-21817ec9 elementor-widget elementor-widget-elementskit-heading\" data-id=\"21817ec9\" data-element_type=\"widget\" data-e-type=\"widget\" data-settings=\"{&quot;ekit_we_effect_on&quot;:&quot;none&quot;}\" data-widget_type=\"elementskit-heading.default\">\n\t\t\t\t<div class=\"elementor-widget-container\">\n\t\t\t\t\t<div class=\"ekit-wid-con\" ><div class=\"ekit-heading elementskit-section-title-wraper text_center   ekit_heading_tablet-   ekit_heading_mobile-\"><h2 class=\"ekit-heading--title elementskit-section-title \">Herzlich willkommen auf der Webseite von der Psychiatriepraxis Winkler.<\/h2>\t\t\t\t<div class='ekit-heading__description'>\n\t\t\t\t\t<p>Psychiatrie Wil ist Ihre Ansprechpartnerin, wenn Sie Fragen zur Gesundheit haben.<br \/>F\u00fcr Sie nehmen wir uns Zeit.<\/p>\n<p><strong>Aufgrund von Kapazit\u00e4tsgr\u00fcnden kann ich derzeit keine neuen Patienten mehr annehmen.<\/strong><\/p>\n\t\t\t\t<\/div>\n\t\t\t<\/div><\/div>\t\t\t\t<\/div>\n\t\t\t\t<\/div>\n\t\t\t\t\t<\/div>\n\t\t<\/div>\n\t\t\t\t\t<\/div>\n\t\t<\/section>\n\t\t\t\t\t<\/div>\n\t\t<\/div>\n\t\t\t\t\t<\/div>\n\t\t<\/section>\n\t\t\t\t<section class=\"elementor-section elementor-top-section elementor-element elementor-element-4fbf65d8 elementor-section-boxed elementor-section-height-default elementor-section-height-default\" data-id=\"4fbf65d8\" data-element_type=\"section\" data-e-type=\"section\" data-settings=\"{&quot;background_background&quot;:&quot;classic&quot;,&quot;ekit_has_onepagescroll_dot&quot;:&quot;yes&quot;}\">\n\t\t\t\t\t\t<div class=\"elementor-container elementor-column-gap-default\">\n\t\t\t\t\t<div class=\"elementor-column elementor-col-100 elementor-top-column elementor-element elementor-element-1165890\" data-id=\"1165890\" data-element_type=\"column\" data-e-type=\"column\">\n\t\t\t<div class=\"elementor-widget-wrap elementor-element-populated\">\n\t\t\t\t\t\t<section class=\"elementor-section elementor-inner-section elementor-element elementor-element-8bd7b66 elementor-section-boxed elementor-section-height-default elementor-section-height-default\" data-id=\"8bd7b66\" data-element_type=\"section\" data-e-type=\"section\" data-settings=\"{&quot;ekit_has_onepagescroll_dot&quot;:&quot;yes&quot;}\">\n\t\t\t\t\t\t<div class=\"elementor-container elementor-column-gap-default\">\n\t\t\t\t\t<div class=\"elementor-column elementor-col-33 elementor-inner-column elementor-element elementor-element-64fb5bf4\" data-id=\"64fb5bf4\" data-element_type=\"column\" data-e-type=\"column\">\n\t\t\t<div class=\"elementor-widget-wrap elementor-element-populated\">\n\t\t\t\t\t\t<div class=\"elementor-element elementor-element-5bffbc66 ekit-equal-height-disable elementor-widget elementor-widget-elementskit-icon-box\" data-id=\"5bffbc66\" data-element_type=\"widget\" data-e-type=\"widget\" data-settings=\"{&quot;ekit_we_effect_on&quot;:&quot;none&quot;}\" data-widget_type=\"elementskit-icon-box.default\">\n\t\t\t\t<div class=\"elementor-widget-container\">\n\t\t\t\t\t<div class=\"ekit-wid-con\" >        <!-- link opening -->\n                <!-- end link opening -->\n\n        <div class=\"elementskit-infobox text-left text-left icon-top-align elementor-animation-   \">\n                            <div class=\"elementskit-box-header\">\n                <div class=\"elementskit-info-box-icon \">\n                    <img decoding=\"async\" width=\"49\" height=\"50\" src=\"https:\/\/pp-winkler.ch\/wp-content\/uploads\/2024\/06\/General-Medical.png\" class=\"attachment- size-\" alt=\"\" \/>                <\/div>\n          <\/div>\n                <div class=\"box-body\">\n                            <h3 class=\"elementskit-info-box-title\">\n                    Depressionen                <\/h3>\n                        \t\t  \t<p>Erkennung und Behandlung verschiedener Formen von Depressionen, einschlie\u00dflich Major Depression, Dysthymie und saisonale affektive St\u00f6rungen.<\/p>\n                                <\/div>\n        \n        \n                <\/div>\n        <\/div>\t\t\t\t<\/div>\n\t\t\t\t<\/div>\n\t\t\t\t\t<\/div>\n\t\t<\/div>\n\t\t\t\t<div class=\"elementor-column elementor-col-33 elementor-inner-column elementor-element elementor-element-55f4b27a\" data-id=\"55f4b27a\" data-element_type=\"column\" data-e-type=\"column\">\n\t\t\t<div class=\"elementor-widget-wrap elementor-element-populated\">\n\t\t\t\t\t\t<div class=\"elementor-element elementor-element-5910dd1d ekit-equal-height-disable elementor-widget elementor-widget-elementskit-icon-box\" data-id=\"5910dd1d\" data-element_type=\"widget\" data-e-type=\"widget\" data-settings=\"{&quot;ekit_we_effect_on&quot;:&quot;none&quot;}\" data-widget_type=\"elementskit-icon-box.default\">\n\t\t\t\t<div class=\"elementor-widget-container\">\n\t\t\t\t\t<div class=\"ekit-wid-con\" >        <!-- link opening -->\n                <!-- end link opening -->\n\n        <div class=\"elementskit-infobox text-left text-left icon-top-align elementor-animation-   \">\n                            <div class=\"elementskit-box-header\">\n                <div class=\"elementskit-info-box-icon \">\n                    <img decoding=\"async\" width=\"49\" height=\"50\" src=\"https:\/\/pp-winkler.ch\/wp-content\/uploads\/2024\/06\/General-Medical.png\" class=\"attachment- size-\" alt=\"\" \/>                <\/div>\n          <\/div>\n                <div class=\"box-body\">\n                            <h3 class=\"elementskit-info-box-title\">\n                    Angstst\u00f6rungen                <\/h3>\n                        \t\t  \t<p>Umgang mit generalisierten Angstst\u00f6rungen, Panikst\u00f6rungen, sozialen Phobien und spezifischen Phobien.<\/p>\n                                <\/div>\n        \n        \n                <\/div>\n        <\/div>\t\t\t\t<\/div>\n\t\t\t\t<\/div>\n\t\t\t\t\t<\/div>\n\t\t<\/div>\n\t\t\t\t<div class=\"elementor-column elementor-col-33 elementor-inner-column elementor-element elementor-element-74d9a81d\" data-id=\"74d9a81d\" data-element_type=\"column\" data-e-type=\"column\">\n\t\t\t<div class=\"elementor-widget-wrap elementor-element-populated\">\n\t\t\t\t\t\t<div class=\"elementor-element elementor-element-6f5e65f8 ekit-equal-height-disable elementor-widget elementor-widget-elementskit-icon-box\" data-id=\"6f5e65f8\" data-element_type=\"widget\" data-e-type=\"widget\" data-settings=\"{&quot;ekit_we_effect_on&quot;:&quot;none&quot;}\" data-widget_type=\"elementskit-icon-box.default\">\n\t\t\t\t<div class=\"elementor-widget-container\">\n\t\t\t\t\t<div class=\"ekit-wid-con\" >        <!-- link opening -->\n                <!-- end link opening -->\n\n        <div class=\"elementskit-infobox text-left text-left icon-top-align elementor-animation-   \">\n                            <div class=\"elementskit-box-header\">\n                <div class=\"elementskit-info-box-icon \">\n                    <img decoding=\"async\" width=\"49\" height=\"50\" src=\"https:\/\/pp-winkler.ch\/wp-content\/uploads\/2024\/06\/generel-medical.png\" class=\"attachment- size-\" alt=\"\" \/>                <\/div>\n          <\/div>\n                <div class=\"box-body\">\n                            <h3 class=\"elementskit-info-box-title\">\n                    Bipolare St\u00f6rungen                <\/h3>\n                        \t\t  \t<p>Diagnose und Behandlung von bipolaren St\u00f6rungen Typ I und II.<\/p>\n                                <\/div>\n        \n        \n                <\/div>\n        <\/div>\t\t\t\t<\/div>\n\t\t\t\t<\/div>\n\t\t\t\t\t<\/div>\n\t\t<\/div>\n\t\t\t\t\t<\/div>\n\t\t<\/section>\n\t\t\t\t\t<\/div>\n\t\t<\/div>\n\t\t\t\t\t<\/div>\n\t\t<\/section>\n\t\t\t\t<\/div>\n\t\t","protected":false},"excerpt":{"rendered":"<p>Psychiatriepraxis Winkler Praxis f\u00fcr Psychiatrie und Psychotherapie in Wil Kontakt Herzlich willkommen auf der Webseite von der Psychiatriepraxis Winkler. Psychiatrie Wil ist Ihre Ansprechpartnerin, wenn Sie Fragen zur Gesundheit haben.F\u00fcr Sie nehmen wir uns Zeit. Aufgrund von Kapazit\u00e4tsgr\u00fcnden kann ich derzeit keine neuen Patienten mehr annehmen. Depressionen Erkennung und Behandlung verschiedener Formen von Depressionen, einschlie\u00dflich [&hellip;]<\/p>\n","protected":false},"author":1,"featured_media":0,"parent":0,"menu_order":0,"comment_status":"closed","ping_status":"closed","template":"","meta":{"footnotes":""},"class_list":["post-21","page","type-page","status-publish","hentry"],"yoast_head":"<!-- This site is optimized with the Yoast SEO plugin v27.6 - https:\/\/yoast.com\/product\/yoast-seo-wordpress\/ -->\n<title>Home - Psychiatrie Praxis Winkler<\/title>\n<meta name=\"robots\" content=\"index, follow, max-snippet:-1, max-image-preview:large, max-video-preview:-1\" \/>\n<link rel=\"canonical\" href=\"https:\/\/pp-winkler.ch\/\" \/>\n<meta property=\"og:locale\" content=\"de_DE\" \/>\n<meta property=\"og:type\" content=\"article\" \/>\n<meta property=\"og:title\" content=\"Home - Psychiatrie Praxis Winkler\" \/>\n<meta property=\"og:description\" content=\"Psychiatriepraxis Winkler Praxis f\u00fcr Psychiatrie und Psychotherapie in Wil Kontakt Herzlich willkommen auf der Webseite von der Psychiatriepraxis Winkler. Psychiatrie Wil ist Ihre Ansprechpartnerin, wenn Sie Fragen zur Gesundheit haben.F\u00fcr Sie nehmen wir uns Zeit. Aufgrund von Kapazit\u00e4tsgr\u00fcnden kann ich derzeit keine neuen Patienten mehr annehmen. Depressionen Erkennung und Behandlung verschiedener Formen von Depressionen, einschlie\u00dflich [&hellip;]\" \/>\n<meta property=\"og:url\" content=\"https:\/\/pp-winkler.ch\/\" \/>\n<meta property=\"og:site_name\" content=\"Psychiatrie Praxis Winkler\" \/>\n<meta property=\"article:modified_time\" content=\"2024-09-09T21:08:24+00:00\" \/>\n<meta property=\"og:image\" content=\"https:\/\/pp-winkler.ch\/wp-content\/uploads\/2024\/06\/General-Medical.png\" \/>\n<meta name=\"twitter:card\" content=\"summary_large_image\" \/>\n<meta name=\"twitter:label1\" content=\"Gesch\u00e4tzte Lesezeit\" \/>\n\t<meta name=\"twitter:data1\" content=\"2\u00a0Minuten\" \/>\n<script type=\"application\/ld+json\" class=\"yoast-schema-graph\">{\"@context\":\"https:\\\/\\\/schema.org\",\"@graph\":[{\"@type\":\"WebPage\",\"@id\":\"https:\\\/\\\/pp-winkler.ch\\\/\",\"url\":\"https:\\\/\\\/pp-winkler.ch\\\/\",\"name\":\"Home - Psychiatrie Praxis Winkler\",\"isPartOf\":{\"@id\":\"https:\\\/\\\/pp-winkler.ch\\\/#website\"},\"primaryImageOfPage\":{\"@id\":\"https:\\\/\\\/pp-winkler.ch\\\/#primaryimage\"},\"image\":{\"@id\":\"https:\\\/\\\/pp-winkler.ch\\\/#primaryimage\"},\"thumbnailUrl\":\"https:\\\/\\\/pp-winkler.ch\\\/wp-content\\\/uploads\\\/2024\\\/06\\\/General-Medical.png\",\"datePublished\":\"2024-06-10T10:35:40+00:00\",\"dateModified\":\"2024-09-09T21:08:24+00:00\",\"breadcrumb\":{\"@id\":\"https:\\\/\\\/pp-winkler.ch\\\/#breadcrumb\"},\"inLanguage\":\"de\",\"potentialAction\":[{\"@type\":\"ReadAction\",\"target\":[\"https:\\\/\\\/pp-winkler.ch\\\/\"]}]},{\"@type\":\"ImageObject\",\"inLanguage\":\"de\",\"@id\":\"https:\\\/\\\/pp-winkler.ch\\\/#primaryimage\",\"url\":\"https:\\\/\\\/pp-winkler.ch\\\/wp-content\\\/uploads\\\/2024\\\/06\\\/General-Medical.png\",\"contentUrl\":\"https:\\\/\\\/pp-winkler.ch\\\/wp-content\\\/uploads\\\/2024\\\/06\\\/General-Medical.png\",\"width\":49,\"height\":50},{\"@type\":\"BreadcrumbList\",\"@id\":\"https:\\\/\\\/pp-winkler.ch\\\/#breadcrumb\",\"itemListElement\":[{\"@type\":\"ListItem\",\"position\":1,\"name\":\"Startseite\",\"item\":\"https:\\\/\\\/pp-winkler.ch\\\/\"},{\"@type\":\"ListItem\",\"position\":2,\"name\":\"Home\"}]},{\"@type\":\"WebSite\",\"@id\":\"https:\\\/\\\/pp-winkler.ch\\\/#website\",\"url\":\"https:\\\/\\\/pp-winkler.ch\\\/\",\"name\":\"Psychiatrie Praxis Winkler\",\"description\":\"\",\"publisher\":{\"@id\":\"https:\\\/\\\/pp-winkler.ch\\\/#organization\"},\"potentialAction\":[{\"@type\":\"SearchAction\",\"target\":{\"@type\":\"EntryPoint\",\"urlTemplate\":\"https:\\\/\\\/pp-winkler.ch\\\/?s={search_term_string}\"},\"query-input\":{\"@type\":\"PropertyValueSpecification\",\"valueRequired\":true,\"valueName\":\"search_term_string\"}}],\"inLanguage\":\"de\"},{\"@type\":\"Organization\",\"@id\":\"https:\\\/\\\/pp-winkler.ch\\\/#organization\",\"name\":\"Psychiatrie Praxis Winkler\",\"url\":\"https:\\\/\\\/pp-winkler.ch\\\/\",\"logo\":{\"@type\":\"ImageObject\",\"inLanguage\":\"de\",\"@id\":\"https:\\\/\\\/pp-winkler.ch\\\/#\\\/schema\\\/logo\\\/image\\\/\",\"url\":\"https:\\\/\\\/pp-winkler.ch\\\/wp-content\\\/uploads\\\/2024\\\/06\\\/cropped-Winkler-Logo-2020-kl.png\",\"contentUrl\":\"https:\\\/\\\/pp-winkler.ch\\\/wp-content\\\/uploads\\\/2024\\\/06\\\/cropped-Winkler-Logo-2020-kl.png\",\"width\":300,\"height\":212,\"caption\":\"Psychiatrie Praxis Winkler\"},\"image\":{\"@id\":\"https:\\\/\\\/pp-winkler.ch\\\/#\\\/schema\\\/logo\\\/image\\\/\"}}]}<\/script>\n<!-- \/ Yoast SEO plugin. -->","yoast_head_json":{"title":"Home - Psychiatrie Praxis Winkler","robots":{"index":"index","follow":"follow","max-snippet":"max-snippet:-1","max-image-preview":"max-image-preview:large","max-video-preview":"max-video-preview:-1"},"canonical":"https:\/\/pp-winkler.ch\/","og_locale":"de_DE","og_type":"article","og_title":"Home - Psychiatrie Praxis Winkler","og_description":"Psychiatriepraxis Winkler Praxis f\u00fcr Psychiatrie und Psychotherapie in Wil Kontakt Herzlich willkommen auf der Webseite von der Psychiatriepraxis Winkler. Psychiatrie Wil ist Ihre Ansprechpartnerin, wenn Sie Fragen zur Gesundheit haben.F\u00fcr Sie nehmen wir uns Zeit. Aufgrund von Kapazit\u00e4tsgr\u00fcnden kann ich derzeit keine neuen Patienten mehr annehmen. Depressionen Erkennung und Behandlung verschiedener Formen von Depressionen, einschlie\u00dflich [&hellip;]","og_url":"https:\/\/pp-winkler.ch\/","og_site_name":"Psychiatrie Praxis Winkler","article_modified_time":"2024-09-09T21:08:24+00:00","og_image":[{"url":"https:\/\/pp-winkler.ch\/wp-content\/uploads\/2024\/06\/General-Medical.png","type":"","width":"","height":""}],"twitter_card":"summary_large_image","twitter_misc":{"Gesch\u00e4tzte Lesezeit":"2\u00a0Minuten"},"schema":{"@context":"https:\/\/schema.org","@graph":[{"@type":"WebPage","@id":"https:\/\/pp-winkler.ch\/","url":"https:\/\/pp-winkler.ch\/","name":"Home - Psychiatrie Praxis Winkler","isPartOf":{"@id":"https:\/\/pp-winkler.ch\/#website"},"primaryImageOfPage":{"@id":"https:\/\/pp-winkler.ch\/#primaryimage"},"image":{"@id":"https:\/\/pp-winkler.ch\/#primaryimage"},"thumbnailUrl":"https:\/\/pp-winkler.ch\/wp-content\/uploads\/2024\/06\/General-Medical.png","datePublished":"2024-06-10T10:35:40+00:00","dateModified":"2024-09-09T21:08:24+00:00","breadcrumb":{"@id":"https:\/\/pp-winkler.ch\/#breadcrumb"},"inLanguage":"de","potentialAction":[{"@type":"ReadAction","target":["https:\/\/pp-winkler.ch\/"]}]},{"@type":"ImageObject","inLanguage":"de","@id":"https:\/\/pp-winkler.ch\/#primaryimage","url":"https:\/\/pp-winkler.ch\/wp-content\/uploads\/2024\/06\/General-Medical.png","contentUrl":"https:\/\/pp-winkler.ch\/wp-content\/uploads\/2024\/06\/General-Medical.png","width":49,"height":50},{"@type":"BreadcrumbList","@id":"https:\/\/pp-winkler.ch\/#breadcrumb","itemListElement":[{"@type":"ListItem","position":1,"name":"Startseite","item":"https:\/\/pp-winkler.ch\/"},{"@type":"ListItem","position":2,"name":"Home"}]},{"@type":"WebSite","@id":"https:\/\/pp-winkler.ch\/#website","url":"https:\/\/pp-winkler.ch\/","name":"Psychiatrie Praxis Winkler","description":"","publisher":{"@id":"https:\/\/pp-winkler.ch\/#organization"},"potentialAction":[{"@type":"SearchAction","target":{"@type":"EntryPoint","urlTemplate":"https:\/\/pp-winkler.ch\/?s={search_term_string}"},"query-input":{"@type":"PropertyValueSpecification","valueRequired":true,"valueName":"search_term_string"}}],"inLanguage":"de"},{"@type":"Organization","@id":"https:\/\/pp-winkler.ch\/#organization","name":"Psychiatrie Praxis Winkler","url":"https:\/\/pp-winkler.ch\/","logo":{"@type":"ImageObject","inLanguage":"de","@id":"https:\/\/pp-winkler.ch\/#\/schema\/logo\/image\/","url":"https:\/\/pp-winkler.ch\/wp-content\/uploads\/2024\/06\/cropped-Winkler-Logo-2020-kl.png","contentUrl":"https:\/\/pp-winkler.ch\/wp-content\/uploads\/2024\/06\/cropped-Winkler-Logo-2020-kl.png","width":300,"height":212,"caption":"Psychiatrie Praxis Winkler"},"image":{"@id":"https:\/\/pp-winkler.ch\/#\/schema\/logo\/image\/"}}]}},"_links":{"self":[{"href":"https:\/\/pp-winkler.ch\/index.php\/wp-json\/wp\/v2\/pages\/21","targetHints":{"allow":["GET"]}}],"collection":[{"href":"https:\/\/pp-winkler.ch\/index.php\/wp-json\/wp\/v2\/pages"}],"about":[{"href":"https:\/\/pp-winkler.ch\/index.php\/wp-json\/wp\/v2\/types\/page"}],"author":[{"embeddable":true,"href":"https:\/\/pp-winkler.ch\/index.php\/wp-json\/wp\/v2\/users\/1"}],"replies":[{"embeddable":true,"href":"https:\/\/pp-winkler.ch\/index.php\/wp-json\/wp\/v2\/comments?post=21"}],"version-history":[{"count":34,"href":"https:\/\/pp-winkler.ch\/index.php\/wp-json\/wp\/v2\/pages\/21\/revisions"}],"predecessor-version":[{"id":399,"href":"https:\/\/pp-winkler.ch\/index.php\/wp-json\/wp\/v2\/pages\/21\/revisions\/399"}],"wp:attachment":[{"href":"https:\/\/pp-winkler.ch\/index.php\/wp-json\/wp\/v2\/media?parent=21"}],"curies":[{"name":"wp","href":"https:\/\/api.w.org\/{rel}","templated":true}]}}