{"id":184,"date":"2024-07-29T14:38:51","date_gmt":"2024-07-29T14:38:51","guid":{"rendered":"https:\/\/pp-winkler.ch\/?page_id=184"},"modified":"2024-09-09T21:07:47","modified_gmt":"2024-09-09T21:07:47","slug":"kontakt","status":"publish","type":"page","link":"https:\/\/pp-winkler.ch\/index.php\/kontakt\/","title":{"rendered":"Kontakt"},"content":{"rendered":"\t\t<div data-elementor-type=\"wp-page\" data-elementor-id=\"184\" class=\"elementor elementor-184\" data-elementor-post-type=\"page\">\n\t\t\t\t\t\t<section class=\"elementor-section elementor-top-section elementor-element elementor-element-215d70e1 elementor-section-boxed elementor-section-height-default elementor-section-height-default\" data-id=\"215d70e1\" data-element_type=\"section\" data-e-type=\"section\" data-settings=\"{&quot;background_background&quot;:&quot;classic&quot;,&quot;ekit_has_onepagescroll_dot&quot;:&quot;yes&quot;}\">\n\t\t\t\t\t\t\t<div class=\"elementor-background-overlay\"><\/div>\n\t\t\t\t\t\t\t<div class=\"elementor-container elementor-column-gap-default\">\n\t\t\t\t\t<div class=\"elementor-column elementor-col-100 elementor-top-column elementor-element elementor-element-74771a43\" data-id=\"74771a43\" data-element_type=\"column\" data-e-type=\"column\">\n\t\t\t<div class=\"elementor-widget-wrap elementor-element-populated\">\n\t\t\t\t\t\t<section class=\"elementor-section elementor-inner-section elementor-element elementor-element-4f1d7c42 elementor-section-boxed elementor-section-height-default elementor-section-height-default\" data-id=\"4f1d7c42\" data-element_type=\"section\" data-e-type=\"section\" data-settings=\"{&quot;ekit_has_onepagescroll_dot&quot;:&quot;yes&quot;}\">\n\t\t\t\t\t\t<div class=\"elementor-container elementor-column-gap-default\">\n\t\t\t\t\t<div class=\"elementor-column elementor-col-50 elementor-inner-column elementor-element elementor-element-7adff265\" data-id=\"7adff265\" data-element_type=\"column\" data-e-type=\"column\">\n\t\t\t<div class=\"elementor-widget-wrap elementor-element-populated\">\n\t\t\t\t\t\t<div class=\"elementor-element elementor-element-202b2846 elementor-widget-tablet__width-initial elementor-widget elementor-widget-elementskit-heading\" data-id=\"202b2846\" data-element_type=\"widget\" data-e-type=\"widget\" data-settings=\"{&quot;ekit_we_effect_on&quot;:&quot;none&quot;}\" data-widget_type=\"elementskit-heading.default\">\n\t\t\t\t<div class=\"elementor-widget-container\">\n\t\t\t\t\t<div class=\"ekit-wid-con\" ><div class=\"ekit-heading elementskit-section-title-wraper text_left   ekit_heading_tablet-   ekit_heading_mobile-\"><span class=\"elementskit-section-subtitle  elementskit-style-border\">\n\t\t\t\t\t\tPsychiatriepraxis Winkler\n\t\t\t\t\t<\/span><h2 class=\"ekit-heading--title elementskit-section-title \">Praxis f\u00fcr Psychiatrie<\/h2>\t\t\t\t<div class='ekit-heading__description'>\n\t\t\t\t\t<p>und Psychotherapie in Wil<\/p>\n\t\t\t\t<\/div>\n\t\t\t<\/div><\/div>\t\t\t\t<\/div>\n\t\t\t\t<\/div>\n\t\t\t\t\t<\/div>\n\t\t<\/div>\n\t\t\t\t<div class=\"elementor-column elementor-col-50 elementor-inner-column elementor-element elementor-element-7d817758\" data-id=\"7d817758\" data-element_type=\"column\" data-e-type=\"column\">\n\t\t\t<div class=\"elementor-widget-wrap\">\n\t\t\t\t\t\t\t<\/div>\n\t\t<\/div>\n\t\t\t\t\t<\/div>\n\t\t<\/section>\n\t\t\t\t\t<\/div>\n\t\t<\/div>\n\t\t\t\t\t<\/div>\n\t\t<\/section>\n\t\t\t\t<section class=\"elementor-section elementor-top-section elementor-element elementor-element-18dbf684 elementor-section-boxed elementor-section-height-default elementor-section-height-default\" data-id=\"18dbf684\" data-element_type=\"section\" data-e-type=\"section\" data-settings=\"{&quot;ekit_has_onepagescroll_dot&quot;:&quot;yes&quot;}\">\n\t\t\t\t\t\t<div class=\"elementor-container elementor-column-gap-default\">\n\t\t\t\t\t<div class=\"elementor-column elementor-col-100 elementor-top-column elementor-element elementor-element-d10e5cf\" data-id=\"d10e5cf\" data-element_type=\"column\" data-e-type=\"column\">\n\t\t\t<div class=\"elementor-widget-wrap elementor-element-populated\">\n\t\t\t\t\t\t<section class=\"elementor-section elementor-inner-section elementor-element elementor-element-6717896d elementor-section-boxed elementor-section-height-default elementor-section-height-default\" data-id=\"6717896d\" data-element_type=\"section\" data-e-type=\"section\" data-settings=\"{&quot;background_background&quot;:&quot;classic&quot;,&quot;ekit_has_onepagescroll_dot&quot;:&quot;yes&quot;}\">\n\t\t\t\t\t\t<div class=\"elementor-container elementor-column-gap-default\">\n\t\t\t\t\t<div class=\"elementor-column elementor-col-100 elementor-inner-column elementor-element elementor-element-4f04ecb5\" data-id=\"4f04ecb5\" data-element_type=\"column\" data-e-type=\"column\">\n\t\t\t<div class=\"elementor-widget-wrap elementor-element-populated\">\n\t\t\t\t\t\t<div class=\"elementor-element elementor-element-21817ec9 elementor-widget elementor-widget-elementskit-heading\" data-id=\"21817ec9\" data-element_type=\"widget\" data-e-type=\"widget\" data-settings=\"{&quot;ekit_we_effect_on&quot;:&quot;none&quot;}\" data-widget_type=\"elementskit-heading.default\">\n\t\t\t\t<div class=\"elementor-widget-container\">\n\t\t\t\t\t<div class=\"ekit-wid-con\" ><div class=\"ekit-heading elementskit-section-title-wraper text_center   ekit_heading_tablet-   ekit_heading_mobile-\"><h2 class=\"ekit-heading--title elementskit-section-title \">Herzlich willkommen auf der Webseite von der Psychiatriepraxis Winkler.<\/h2>\t\t\t\t<div class='ekit-heading__description'>\n\t\t\t\t\t<p>Psychiatrie Wil ist Ihre Ansprechpartnerin, wenn Sie Fragen zur Gesundheit haben.<br \/>F\u00fcr Sie nehmen wir uns Zeit.<\/p>\n<p><strong>Aufgrund von Kapazit\u00e4tsgr\u00fcnden kann ich derzeit keine neuen Patienten mehr annehmen.<\/strong><\/p>\n\t\t\t\t<\/div>\n\t\t\t<\/div><\/div>\t\t\t\t<\/div>\n\t\t\t\t<\/div>\n\t\t\t\t\t<\/div>\n\t\t<\/div>\n\t\t\t\t\t<\/div>\n\t\t<\/section>\n\t\t\t\t\t<\/div>\n\t\t<\/div>\n\t\t\t\t\t<\/div>\n\t\t<\/section>\n\t\t\t\t<section class=\"elementor-section elementor-top-section elementor-element elementor-element-322fb162 elementor-section-boxed elementor-section-height-default elementor-section-height-default\" data-id=\"322fb162\" data-element_type=\"section\" data-e-type=\"section\" data-settings=\"{&quot;ekit_has_onepagescroll_dot&quot;:&quot;yes&quot;}\">\n\t\t\t\t\t\t<div class=\"elementor-container elementor-column-gap-default\">\n\t\t\t\t\t<div class=\"elementor-column elementor-col-50 elementor-top-column elementor-element elementor-element-484268aa\" data-id=\"484268aa\" data-element_type=\"column\" data-e-type=\"column\">\n\t\t\t<div class=\"elementor-widget-wrap elementor-element-populated\">\n\t\t\t\t\t\t<div class=\"elementor-element elementor-element-f7d7d08 elementor-widget elementor-widget-google_maps\" data-id=\"f7d7d08\" data-element_type=\"widget\" data-e-type=\"widget\" data-settings=\"{&quot;ekit_we_effect_on&quot;:&quot;none&quot;}\" data-widget_type=\"google_maps.default\">\n\t\t\t\t<div class=\"elementor-widget-container\">\n\t\t\t\t\t\t\t<div class=\"elementor-custom-embed\">\n\t\t\t<iframe loading=\"lazy\"\n\t\t\t\t\tsrc=\"https:\/\/maps.google.com\/maps?q=Alleestrasse%204%2C%209500%20Wil%2C%20Schweiz&#038;t=m&#038;z=10&#038;output=embed&#038;iwloc=near\"\n\t\t\t\t\ttitle=\"Alleestrasse 4, 9500 Wil, Schweiz\"\n\t\t\t\t\taria-label=\"Alleestrasse 4, 9500 Wil, Schweiz\"\n\t\t\t><\/iframe>\n\t\t<\/div>\n\t\t\t\t\t\t<\/div>\n\t\t\t\t<\/div>\n\t\t\t\t<div class=\"elementor-element elementor-element-4dc6c325 elementor-widget__width-initial elementor-absolute elementor-icon-list--layout-traditional elementor-list-item-link-full_width elementor-widget elementor-widget-icon-list\" data-id=\"4dc6c325\" data-element_type=\"widget\" data-e-type=\"widget\" data-settings=\"{&quot;_position&quot;:&quot;absolute&quot;,&quot;ekit_we_effect_on&quot;:&quot;none&quot;}\" data-widget_type=\"icon-list.default\">\n\t\t\t\t<div class=\"elementor-widget-container\">\n\t\t\t\t\t\t\t<ul class=\"elementor-icon-list-items\">\n\t\t\t\t\t\t\t<li class=\"elementor-icon-list-item\">\n\t\t\t\t\t\t\t\t\t\t\t<span class=\"elementor-icon-list-icon\">\n\t\t\t\t\t\t\t<i aria-hidden=\"true\" class=\"icon icon-map-marker1\"><\/i>\t\t\t\t\t\t<\/span>\n\t\t\t\t\t\t\t\t\t\t<span class=\"elementor-icon-list-text\">Alleestrasse 4, 9500 Wil<\/span>\n\t\t\t\t\t\t\t\t\t<\/li>\n\t\t\t\t\t\t\t\t<li class=\"elementor-icon-list-item\">\n\t\t\t\t\t\t\t\t\t\t\t<a href=\"tel:+4171%20911%2036%2085\">\n\n\t\t\t\t\t\t\t\t\t\t\t\t<span class=\"elementor-icon-list-icon\">\n\t\t\t\t\t\t\t<i aria-hidden=\"true\" class=\"icon icon-phone1\"><\/i>\t\t\t\t\t\t<\/span>\n\t\t\t\t\t\t\t\t\t\t<span class=\"elementor-icon-list-text\">071 911 36 85<\/span>\n\t\t\t\t\t\t\t\t\t\t\t<\/a>\n\t\t\t\t\t\t\t\t\t<\/li>\n\t\t\t\t\t\t\t\t<li class=\"elementor-icon-list-item\">\n\t\t\t\t\t\t\t\t\t\t\t<a href=\"\">\n\n\t\t\t\t\t\t\t\t\t\t\t\t<span class=\"elementor-icon-list-icon\">\n\t\t\t\t\t\t\t<i aria-hidden=\"true\" class=\"icon icon-envelope2\"><\/i>\t\t\t\t\t\t<\/span>\n\t\t\t\t\t\t\t\t\t\t<span class=\"elementor-icon-list-text\">info@pp-winkler.ch<\/span>\n\t\t\t\t\t\t\t\t\t\t\t<\/a>\n\t\t\t\t\t\t\t\t\t<\/li>\n\t\t\t\t\t\t<\/ul>\n\t\t\t\t\t\t<\/div>\n\t\t\t\t<\/div>\n\t\t\t\t\t<\/div>\n\t\t<\/div>\n\t\t\t\t<div class=\"elementor-column elementor-col-50 elementor-top-column elementor-element elementor-element-5d04a6ac\" data-id=\"5d04a6ac\" data-element_type=\"column\" data-e-type=\"column\">\n\t\t\t<div class=\"elementor-widget-wrap elementor-element-populated\">\n\t\t\t\t\t\t<div class=\"elementor-element elementor-element-4d1cc2f8 elementor-widget elementor-widget-elementskit-heading\" data-id=\"4d1cc2f8\" data-element_type=\"widget\" data-e-type=\"widget\" data-settings=\"{&quot;ekit_we_effect_on&quot;:&quot;none&quot;}\" data-widget_type=\"elementskit-heading.default\">\n\t\t\t\t<div class=\"elementor-widget-container\">\n\t\t\t\t\t<div class=\"ekit-wid-con\" ><div class=\"ekit-heading elementskit-section-title-wraper text_left   ekit_heading_tablet-   ekit_heading_mobile-\"><h2 class=\"elementskit-section-subtitle  \">\n\t\t\t\t\t\tkontaktieren Sie uns\n\t\t\t\t\t<\/h2><h3 class=\"ekit-heading--title elementskit-section-title \">PSYCHIATRIE <br> PRAXIS WINKLER<\/h3>\t\t\t\t<div class='ekit-heading__description'>\n\t\t\t\t\t<p><em>Dr<\/em>. med. Bernhard\u00a0<em>Winkler<\/em>\u00a0ist Arzt f\u00fcr den Bereich Psychiatrie und Psychotherapie. Finden Sie Infos wie Kontaktdaten, Standorte, Qualifikationen und\u00a0...<\/p>\n\t\t\t\t<\/div>\n\t\t\t<\/div><\/div>\t\t\t\t<\/div>\n\t\t\t\t<\/div>\n\t\t\t\t\t<\/div>\n\t\t<\/div>\n\t\t\t\t\t<\/div>\n\t\t<\/section>\n\t\t\t\t<\/div>\n\t\t","protected":false},"excerpt":{"rendered":"<p>Psychiatriepraxis Winkler Praxis f\u00fcr Psychiatrie und Psychotherapie in Wil Herzlich willkommen auf der Webseite von der Psychiatriepraxis Winkler. Psychiatrie Wil ist Ihre Ansprechpartnerin, wenn Sie Fragen zur Gesundheit haben.F\u00fcr Sie nehmen wir uns Zeit. Aufgrund von Kapazit\u00e4tsgr\u00fcnden kann ich derzeit keine neuen Patienten mehr annehmen. Alleestrasse 4, 9500 Wil 071 911 36 85 info@pp-winkler.ch kontaktieren [&hellip;]<\/p>\n","protected":false},"author":1,"featured_media":0,"parent":0,"menu_order":0,"comment_status":"closed","ping_status":"closed","template":"","meta":{"footnotes":""},"class_list":["post-184","page","type-page","status-publish","hentry"],"yoast_head":"<!-- This site is optimized with the Yoast SEO plugin v27.6 - https:\/\/yoast.com\/product\/yoast-seo-wordpress\/ -->\n<title>Kontakt - Psychiatrie Praxis Winkler<\/title>\n<meta name=\"robots\" content=\"index, follow, max-snippet:-1, max-image-preview:large, max-video-preview:-1\" \/>\n<link rel=\"canonical\" href=\"https:\/\/pp-winkler.ch\/index.php\/kontakt\/\" \/>\n<meta property=\"og:locale\" content=\"de_DE\" \/>\n<meta property=\"og:type\" content=\"article\" \/>\n<meta property=\"og:title\" content=\"Kontakt - Psychiatrie Praxis Winkler\" \/>\n<meta property=\"og:description\" content=\"Psychiatriepraxis Winkler Praxis f\u00fcr Psychiatrie und Psychotherapie in Wil Herzlich willkommen auf der Webseite von der Psychiatriepraxis Winkler. Psychiatrie Wil ist Ihre Ansprechpartnerin, wenn Sie Fragen zur Gesundheit haben.F\u00fcr Sie nehmen wir uns Zeit. Aufgrund von Kapazit\u00e4tsgr\u00fcnden kann ich derzeit keine neuen Patienten mehr annehmen. Alleestrasse 4, 9500 Wil 071 911 36 85 info@pp-winkler.ch kontaktieren [&hellip;]\" \/>\n<meta property=\"og:url\" content=\"https:\/\/pp-winkler.ch\/index.php\/kontakt\/\" \/>\n<meta property=\"og:site_name\" content=\"Psychiatrie Praxis Winkler\" \/>\n<meta property=\"article:modified_time\" content=\"2024-09-09T21:07:47+00:00\" \/>\n<meta name=\"twitter:card\" content=\"summary_large_image\" \/>\n<meta name=\"twitter:label1\" content=\"Gesch\u00e4tzte Lesezeit\" \/>\n\t<meta name=\"twitter:data1\" content=\"1\u00a0Minute\" \/>\n<script type=\"application\/ld+json\" class=\"yoast-schema-graph\">{\"@context\":\"https:\\\/\\\/schema.org\",\"@graph\":[{\"@type\":\"WebPage\",\"@id\":\"https:\\\/\\\/pp-winkler.ch\\\/index.php\\\/kontakt\\\/\",\"url\":\"https:\\\/\\\/pp-winkler.ch\\\/index.php\\\/kontakt\\\/\",\"name\":\"Kontakt - Psychiatrie Praxis Winkler\",\"isPartOf\":{\"@id\":\"https:\\\/\\\/pp-winkler.ch\\\/#website\"},\"datePublished\":\"2024-07-29T14:38:51+00:00\",\"dateModified\":\"2024-09-09T21:07:47+00:00\",\"breadcrumb\":{\"@id\":\"https:\\\/\\\/pp-winkler.ch\\\/index.php\\\/kontakt\\\/#breadcrumb\"},\"inLanguage\":\"de\",\"potentialAction\":[{\"@type\":\"ReadAction\",\"target\":[\"https:\\\/\\\/pp-winkler.ch\\\/index.php\\\/kontakt\\\/\"]}]},{\"@type\":\"BreadcrumbList\",\"@id\":\"https:\\\/\\\/pp-winkler.ch\\\/index.php\\\/kontakt\\\/#breadcrumb\",\"itemListElement\":[{\"@type\":\"ListItem\",\"position\":1,\"name\":\"Startseite\",\"item\":\"https:\\\/\\\/pp-winkler.ch\\\/\"},{\"@type\":\"ListItem\",\"position\":2,\"name\":\"Kontakt\"}]},{\"@type\":\"WebSite\",\"@id\":\"https:\\\/\\\/pp-winkler.ch\\\/#website\",\"url\":\"https:\\\/\\\/pp-winkler.ch\\\/\",\"name\":\"Psychiatrie Praxis Winkler\",\"description\":\"\",\"publisher\":{\"@id\":\"https:\\\/\\\/pp-winkler.ch\\\/#organization\"},\"potentialAction\":[{\"@type\":\"SearchAction\",\"target\":{\"@type\":\"EntryPoint\",\"urlTemplate\":\"https:\\\/\\\/pp-winkler.ch\\\/?s={search_term_string}\"},\"query-input\":{\"@type\":\"PropertyValueSpecification\",\"valueRequired\":true,\"valueName\":\"search_term_string\"}}],\"inLanguage\":\"de\"},{\"@type\":\"Organization\",\"@id\":\"https:\\\/\\\/pp-winkler.ch\\\/#organization\",\"name\":\"Psychiatrie Praxis Winkler\",\"url\":\"https:\\\/\\\/pp-winkler.ch\\\/\",\"logo\":{\"@type\":\"ImageObject\",\"inLanguage\":\"de\",\"@id\":\"https:\\\/\\\/pp-winkler.ch\\\/#\\\/schema\\\/logo\\\/image\\\/\",\"url\":\"https:\\\/\\\/pp-winkler.ch\\\/wp-content\\\/uploads\\\/2024\\\/06\\\/cropped-Winkler-Logo-2020-kl.png\",\"contentUrl\":\"https:\\\/\\\/pp-winkler.ch\\\/wp-content\\\/uploads\\\/2024\\\/06\\\/cropped-Winkler-Logo-2020-kl.png\",\"width\":300,\"height\":212,\"caption\":\"Psychiatrie Praxis Winkler\"},\"image\":{\"@id\":\"https:\\\/\\\/pp-winkler.ch\\\/#\\\/schema\\\/logo\\\/image\\\/\"}}]}<\/script>\n<!-- \/ Yoast SEO plugin. -->","yoast_head_json":{"title":"Kontakt - Psychiatrie Praxis Winkler","robots":{"index":"index","follow":"follow","max-snippet":"max-snippet:-1","max-image-preview":"max-image-preview:large","max-video-preview":"max-video-preview:-1"},"canonical":"https:\/\/pp-winkler.ch\/index.php\/kontakt\/","og_locale":"de_DE","og_type":"article","og_title":"Kontakt - Psychiatrie Praxis Winkler","og_description":"Psychiatriepraxis Winkler Praxis f\u00fcr Psychiatrie und Psychotherapie in Wil Herzlich willkommen auf der Webseite von der Psychiatriepraxis Winkler. Psychiatrie Wil ist Ihre Ansprechpartnerin, wenn Sie Fragen zur Gesundheit haben.F\u00fcr Sie nehmen wir uns Zeit. Aufgrund von Kapazit\u00e4tsgr\u00fcnden kann ich derzeit keine neuen Patienten mehr annehmen. Alleestrasse 4, 9500 Wil 071 911 36 85 info@pp-winkler.ch kontaktieren [&hellip;]","og_url":"https:\/\/pp-winkler.ch\/index.php\/kontakt\/","og_site_name":"Psychiatrie Praxis Winkler","article_modified_time":"2024-09-09T21:07:47+00:00","twitter_card":"summary_large_image","twitter_misc":{"Gesch\u00e4tzte Lesezeit":"1\u00a0Minute"},"schema":{"@context":"https:\/\/schema.org","@graph":[{"@type":"WebPage","@id":"https:\/\/pp-winkler.ch\/index.php\/kontakt\/","url":"https:\/\/pp-winkler.ch\/index.php\/kontakt\/","name":"Kontakt - Psychiatrie Praxis Winkler","isPartOf":{"@id":"https:\/\/pp-winkler.ch\/#website"},"datePublished":"2024-07-29T14:38:51+00:00","dateModified":"2024-09-09T21:07:47+00:00","breadcrumb":{"@id":"https:\/\/pp-winkler.ch\/index.php\/kontakt\/#breadcrumb"},"inLanguage":"de","potentialAction":[{"@type":"ReadAction","target":["https:\/\/pp-winkler.ch\/index.php\/kontakt\/"]}]},{"@type":"BreadcrumbList","@id":"https:\/\/pp-winkler.ch\/index.php\/kontakt\/#breadcrumb","itemListElement":[{"@type":"ListItem","position":1,"name":"Startseite","item":"https:\/\/pp-winkler.ch\/"},{"@type":"ListItem","position":2,"name":"Kontakt"}]},{"@type":"WebSite","@id":"https:\/\/pp-winkler.ch\/#website","url":"https:\/\/pp-winkler.ch\/","name":"Psychiatrie Praxis Winkler","description":"","publisher":{"@id":"https:\/\/pp-winkler.ch\/#organization"},"potentialAction":[{"@type":"SearchAction","target":{"@type":"EntryPoint","urlTemplate":"https:\/\/pp-winkler.ch\/?s={search_term_string}"},"query-input":{"@type":"PropertyValueSpecification","valueRequired":true,"valueName":"search_term_string"}}],"inLanguage":"de"},{"@type":"Organization","@id":"https:\/\/pp-winkler.ch\/#organization","name":"Psychiatrie Praxis Winkler","url":"https:\/\/pp-winkler.ch\/","logo":{"@type":"ImageObject","inLanguage":"de","@id":"https:\/\/pp-winkler.ch\/#\/schema\/logo\/image\/","url":"https:\/\/pp-winkler.ch\/wp-content\/uploads\/2024\/06\/cropped-Winkler-Logo-2020-kl.png","contentUrl":"https:\/\/pp-winkler.ch\/wp-content\/uploads\/2024\/06\/cropped-Winkler-Logo-2020-kl.png","width":300,"height":212,"caption":"Psychiatrie Praxis Winkler"},"image":{"@id":"https:\/\/pp-winkler.ch\/#\/schema\/logo\/image\/"}}]}},"_links":{"self":[{"href":"https:\/\/pp-winkler.ch\/index.php\/wp-json\/wp\/v2\/pages\/184","targetHints":{"allow":["GET"]}}],"collection":[{"href":"https:\/\/pp-winkler.ch\/index.php\/wp-json\/wp\/v2\/pages"}],"about":[{"href":"https:\/\/pp-winkler.ch\/index.php\/wp-json\/wp\/v2\/types\/page"}],"author":[{"embeddable":true,"href":"https:\/\/pp-winkler.ch\/index.php\/wp-json\/wp\/v2\/users\/1"}],"replies":[{"embeddable":true,"href":"https:\/\/pp-winkler.ch\/index.php\/wp-json\/wp\/v2\/comments?post=184"}],"version-history":[{"count":83,"href":"https:\/\/pp-winkler.ch\/index.php\/wp-json\/wp\/v2\/pages\/184\/revisions"}],"predecessor-version":[{"id":396,"href":"https:\/\/pp-winkler.ch\/index.php\/wp-json\/wp\/v2\/pages\/184\/revisions\/396"}],"wp:attachment":[{"href":"https:\/\/pp-winkler.ch\/index.php\/wp-json\/wp\/v2\/media?parent=184"}],"curies":[{"name":"wp","href":"https:\/\/api.w.org\/{rel}","templated":true}]}}